{"id":1001,"date":"2023-05-22T12:44:25","date_gmt":"2023-05-22T10:44:25","guid":{"rendered":"https:\/\/jeanmicheldesmicht.ovh\/?page_id=1001"},"modified":"2025-05-05T10:34:11","modified_gmt":"2025-05-05T08:34:11","slug":"gaston-robbe","status":"publish","type":"page","link":"https:\/\/jeanmicheldesmicht.ovh\/index.php\/gaston-robbe\/","title":{"rendered":"Gaston Robbe (23 juillet 1900, 29 juillet 1954)"},"content":{"rendered":"\n<p>Le cahier de l&#8217;exposition Gaston Robbe \u00e0 la chapelle des Annonciades de Pontarlier en 2010 donne une bonne id\u00e9e de la vie et de l&#8217;\u0153uvre du peintre (voir dans le menu ci-dessus).<\/p>\n\n\n\n<p>Vous trouverez sur le site du mus\u00e9e de la ville de Pontarlier une tr\u00e8s belle page sur Gaston Robbe  : <a href=\"https:\/\/www.ville-pontarlier.fr\/uploads\/elfinder\/Musee\/Gaston%20Robbe%20-%20pour%20aller%20plus%20loin.pdf\" target=\"_blank\" rel=\"noreferrer noopener\">https:\/\/www.ville-pontarlier.fr\/uploads\/elfinder\/Musee\/Gaston%20Robbe%20-%20pour%20aller%20plus%20loin.pdf<\/a><\/p>\n\n\n\n<p>Remontons \u00e0 1957, \u00e0 l&#8217;exposition r\u00e9trospective au Palais Granvelle de Besan\u00e7on, qui a sa page dans le menu ci-dessus.<\/p>\n\n\n\n<p>Je vous invite \u00e0 rendre visite \u00e0 la page du site sur les arts en Franche-Comt\u00e9, consacr\u00e9e au peintre Gaston Robbe : <a href=\"http:\/\/www.deartibussequanis.fr\/xx\/robbe.php\" target=\"_blank\" rel=\"noreferrer noopener\">http:\/\/www.deartibussequanis.fr\/xx\/robbe.php<\/a><\/p>\n\n\n\n<p>Ceux que \u00e7a int\u00e9resse trouveront dans l&#8217;\u0153uvre des paysages du Haut-Doubs et du Jura (Montbeno\u00eet, Le Russey, Salins&#8230;), de Besan\u00e7on ou de Haute-Sa\u00f4ne (Cussey-sur-l&#8217;Ognon, Oiselay&#8230;). Plus particuli\u00e8rement vous trouverez un texte de Brice Leibundgut sur <a href=\"https:\/\/jeanmicheldesmicht.ovh\/index.php\/gaston-robbe\/gaston-robbe-les-peintres-a-noel-cerneux\/\" target=\"_blank\" rel=\"noreferrer noopener\">No\u00ebl-Cerneux<\/a>, village d&#8217;artistes.<\/p>\n\n\n\n<p>J&#8217;ai s\u00e9lectionn\u00e9 quelques <a href=\"https:\/\/jeanmicheldesmicht.ovh\/index.php\/gaston-robbe\/gaston-robbe-articles-de-presse\/\" target=\"_blank\" rel=\"noreferrer noopener\">articles de presse<\/a>, \u00e0  commencer par celui de Suzanne Peuteuil en avril 1935 saluant un nouveau peintre.<\/p>\n\n\n\n<p>Vous trouverez dans le menu la page consacr\u00e9e aux ventes et adjudications.<\/p>\n\n\n\n<p>Abr\u00e9viations :<\/p>\n\n\n\n<p>hst&nbsp;: huile sur toile, hsp&nbsp;: huile sur panneau, hsi&nbsp;: huile sur isorel, hsc : huile sur carton, hspap&nbsp;: huile sur papier<\/p>\n\n\n\n<p>asp : aquarelle sur papier, csp : crayon sur papier, gsp : gouache sur papier<\/p>\n\n\n\n<p>sbd&nbsp;: sign\u00e9 en bas \u00e0 droite, sbg&nbsp;: sign\u00e9 en bas \u00e0 gauche<\/p>\n\n\n\n<p>Adresse mail : contact@jeanmicheldesmicht.ovh<\/p>\n","protected":false},"excerpt":{"rendered":"<p>Le cahier de l&#8217;exposition Gaston Robbe \u00e0 la chapelle des Annonciades de Pontarlier en 2010 donne une bonne id\u00e9e de la vie et de l&#8217;\u0153uvre du peintre (voir dans le menu ci-dessus). Vous trouverez sur le site du mus\u00e9e de la ville de Pontarlier une tr\u00e8s belle page sur Gaston Robbe : https:\/\/www.ville-pontarlier.fr\/uploads\/elfinder\/Musee\/Gaston%20Robbe%20-%20pour%20aller%20plus%20loin.pdf Remontons \u00e0 [&hellip;]<\/p>\n","protected":false},"author":1,"featured_media":0,"parent":0,"menu_order":0,"comment_status":"closed","ping_status":"closed","template":"","meta":{"footnotes":""},"class_list":["post-1001","page","type-page","status-publish","hentry"],"yoast_head":"<!-- This site is optimized with the Yoast SEO plugin v20.7 - https:\/\/yoast.com\/wordpress\/plugins\/seo\/ -->\n<title>Gaston Robbe (23 juillet 1900, 29 juillet 1954) - Le site de Jean-Michel Desmicht<\/title>\n<meta name=\"robots\" content=\"index, follow, max-snippet:-1, max-image-preview:large, max-video-preview:-1\" \/>\n<link rel=\"canonical\" href=\"https:\/\/jeanmicheldesmicht.ovh\/index.php\/gaston-robbe\/\" \/>\n<meta property=\"og:locale\" content=\"fr_FR\" \/>\n<meta property=\"og:type\" content=\"article\" \/>\n<meta property=\"og:title\" content=\"Gaston Robbe (23 juillet 1900, 29 juillet 1954) - Le site de Jean-Michel Desmicht\" \/>\n<meta property=\"og:description\" content=\"Le cahier de l&#8217;exposition Gaston Robbe \u00e0 la chapelle des Annonciades de Pontarlier en 2010 donne une bonne id\u00e9e de la vie et de l&#8217;\u0153uvre du peintre (voir dans le menu ci-dessus). Vous trouverez sur le site du mus\u00e9e de la ville de Pontarlier une tr\u00e8s belle page sur Gaston Robbe : https:\/\/www.ville-pontarlier.fr\/uploads\/elfinder\/Musee\/Gaston%20Robbe%20-%20pour%20aller%20plus%20loin.pdf Remontons \u00e0 [&hellip;]\" \/>\n<meta property=\"og:url\" content=\"https:\/\/jeanmicheldesmicht.ovh\/index.php\/gaston-robbe\/\" \/>\n<meta property=\"og:site_name\" content=\"Le site de Jean-Michel Desmicht\" \/>\n<meta property=\"article:modified_time\" content=\"2025-05-05T08:34:11+00:00\" \/>\n<meta name=\"twitter:card\" content=\"summary_large_image\" \/>\n<meta name=\"twitter:label1\" content=\"Dur\u00e9e de lecture estim\u00e9e\" \/>\n\t<meta name=\"twitter:data1\" content=\"2 minutes\" \/>\n<script type=\"application\/ld+json\" class=\"yoast-schema-graph\">{\"@context\":\"https:\/\/schema.org\",\"@graph\":[{\"@type\":\"WebPage\",\"@id\":\"https:\/\/jeanmicheldesmicht.ovh\/index.php\/gaston-robbe\/\",\"url\":\"https:\/\/jeanmicheldesmicht.ovh\/index.php\/gaston-robbe\/\",\"name\":\"Gaston Robbe (23 juillet 1900, 29 juillet 1954) - Le site de Jean-Michel Desmicht\",\"isPartOf\":{\"@id\":\"https:\/\/jeanmicheldesmicht.ovh\/#website\"},\"datePublished\":\"2023-05-22T10:44:25+00:00\",\"dateModified\":\"2025-05-05T08:34:11+00:00\",\"breadcrumb\":{\"@id\":\"https:\/\/jeanmicheldesmicht.ovh\/index.php\/gaston-robbe\/#breadcrumb\"},\"inLanguage\":\"fr-FR\",\"potentialAction\":[{\"@type\":\"ReadAction\",\"target\":[\"https:\/\/jeanmicheldesmicht.ovh\/index.php\/gaston-robbe\/\"]}]},{\"@type\":\"BreadcrumbList\",\"@id\":\"https:\/\/jeanmicheldesmicht.ovh\/index.php\/gaston-robbe\/#breadcrumb\",\"itemListElement\":[{\"@type\":\"ListItem\",\"position\":1,\"name\":\"Accueil\",\"item\":\"https:\/\/jeanmicheldesmicht.ovh\/\"},{\"@type\":\"ListItem\",\"position\":2,\"name\":\"Gaston Robbe (23 juillet 1900, 29 juillet 1954)\"}]},{\"@type\":\"WebSite\",\"@id\":\"https:\/\/jeanmicheldesmicht.ovh\/#website\",\"url\":\"https:\/\/jeanmicheldesmicht.ovh\/\",\"name\":\"Le site de Jean-Michel Desmicht\",\"description\":\"Un site utilisant WordPress\",\"potentialAction\":[{\"@type\":\"SearchAction\",\"target\":{\"@type\":\"EntryPoint\",\"urlTemplate\":\"https:\/\/jeanmicheldesmicht.ovh\/?s={search_term_string}\"},\"query-input\":\"required name=search_term_string\"}],\"inLanguage\":\"fr-FR\"}]}<\/script>\n<!-- \/ Yoast SEO plugin. -->","yoast_head_json":{"title":"Gaston Robbe (23 juillet 1900, 29 juillet 1954) - Le site de Jean-Michel Desmicht","robots":{"index":"index","follow":"follow","max-snippet":"max-snippet:-1","max-image-preview":"max-image-preview:large","max-video-preview":"max-video-preview:-1"},"canonical":"https:\/\/jeanmicheldesmicht.ovh\/index.php\/gaston-robbe\/","og_locale":"fr_FR","og_type":"article","og_title":"Gaston Robbe (23 juillet 1900, 29 juillet 1954) - Le site de Jean-Michel Desmicht","og_description":"Le cahier de l&#8217;exposition Gaston Robbe \u00e0 la chapelle des Annonciades de Pontarlier en 2010 donne une bonne id\u00e9e de la vie et de l&#8217;\u0153uvre du peintre (voir dans le menu ci-dessus). Vous trouverez sur le site du mus\u00e9e de la ville de Pontarlier une tr\u00e8s belle page sur Gaston Robbe : https:\/\/www.ville-pontarlier.fr\/uploads\/elfinder\/Musee\/Gaston%20Robbe%20-%20pour%20aller%20plus%20loin.pdf Remontons \u00e0 [&hellip;]","og_url":"https:\/\/jeanmicheldesmicht.ovh\/index.php\/gaston-robbe\/","og_site_name":"Le site de Jean-Michel Desmicht","article_modified_time":"2025-05-05T08:34:11+00:00","twitter_card":"summary_large_image","twitter_misc":{"Dur\u00e9e de lecture estim\u00e9e":"2 minutes"},"schema":{"@context":"https:\/\/schema.org","@graph":[{"@type":"WebPage","@id":"https:\/\/jeanmicheldesmicht.ovh\/index.php\/gaston-robbe\/","url":"https:\/\/jeanmicheldesmicht.ovh\/index.php\/gaston-robbe\/","name":"Gaston Robbe (23 juillet 1900, 29 juillet 1954) - Le site de Jean-Michel Desmicht","isPartOf":{"@id":"https:\/\/jeanmicheldesmicht.ovh\/#website"},"datePublished":"2023-05-22T10:44:25+00:00","dateModified":"2025-05-05T08:34:11+00:00","breadcrumb":{"@id":"https:\/\/jeanmicheldesmicht.ovh\/index.php\/gaston-robbe\/#breadcrumb"},"inLanguage":"fr-FR","potentialAction":[{"@type":"ReadAction","target":["https:\/\/jeanmicheldesmicht.ovh\/index.php\/gaston-robbe\/"]}]},{"@type":"BreadcrumbList","@id":"https:\/\/jeanmicheldesmicht.ovh\/index.php\/gaston-robbe\/#breadcrumb","itemListElement":[{"@type":"ListItem","position":1,"name":"Accueil","item":"https:\/\/jeanmicheldesmicht.ovh\/"},{"@type":"ListItem","position":2,"name":"Gaston Robbe (23 juillet 1900, 29 juillet 1954)"}]},{"@type":"WebSite","@id":"https:\/\/jeanmicheldesmicht.ovh\/#website","url":"https:\/\/jeanmicheldesmicht.ovh\/","name":"Le site de Jean-Michel Desmicht","description":"Un site utilisant WordPress","potentialAction":[{"@type":"SearchAction","target":{"@type":"EntryPoint","urlTemplate":"https:\/\/jeanmicheldesmicht.ovh\/?s={search_term_string}"},"query-input":"required name=search_term_string"}],"inLanguage":"fr-FR"}]}},"_links":{"self":[{"href":"https:\/\/jeanmicheldesmicht.ovh\/index.php\/wp-json\/wp\/v2\/pages\/1001","targetHints":{"allow":["GET"]}}],"collection":[{"href":"https:\/\/jeanmicheldesmicht.ovh\/index.php\/wp-json\/wp\/v2\/pages"}],"about":[{"href":"https:\/\/jeanmicheldesmicht.ovh\/index.php\/wp-json\/wp\/v2\/types\/page"}],"author":[{"embeddable":true,"href":"https:\/\/jeanmicheldesmicht.ovh\/index.php\/wp-json\/wp\/v2\/users\/1"}],"replies":[{"embeddable":true,"href":"https:\/\/jeanmicheldesmicht.ovh\/index.php\/wp-json\/wp\/v2\/comments?post=1001"}],"version-history":[{"count":17,"href":"https:\/\/jeanmicheldesmicht.ovh\/index.php\/wp-json\/wp\/v2\/pages\/1001\/revisions"}],"predecessor-version":[{"id":1986,"href":"https:\/\/jeanmicheldesmicht.ovh\/index.php\/wp-json\/wp\/v2\/pages\/1001\/revisions\/1986"}],"wp:attachment":[{"href":"https:\/\/jeanmicheldesmicht.ovh\/index.php\/wp-json\/wp\/v2\/media?parent=1001"}],"curies":[{"name":"wp","href":"https:\/\/api.w.org\/{rel}","templated":true}]}}