{"id":1812,"date":"2023-06-04T07:49:42","date_gmt":"2023-06-04T05:49:42","guid":{"rendered":"https:\/\/jeanmicheldesmicht.ovh\/?page_id=1812"},"modified":"2023-06-04T08:09:47","modified_gmt":"2023-06-04T06:09:47","slug":"photos-anciennes-lauris-le-domaine-de-fontenille-cadenet","status":"publish","type":"page","link":"https:\/\/jeanmicheldesmicht.ovh\/index.php\/photos-anciennes\/photos-anciennes-lauris-le-domaine-de-fontenille-cadenet\/","title":{"rendered":"Photos anciennes, Lauris, le domaine de Fontenille, Cadenet"},"content":{"rendered":"\n<figure class=\"wp-block-image size-full\"><img loading=\"lazy\" decoding=\"async\" width=\"587\" height=\"600\" src=\"https:\/\/jeanmicheldesmicht.ovh\/wp-content\/uploads\/2023\/06\/diapos_Provence_64_1.jpg\" alt=\"\" class=\"wp-image-1793\" srcset=\"https:\/\/jeanmicheldesmicht.ovh\/wp-content\/uploads\/2023\/06\/diapos_Provence_64_1.jpg 587w, https:\/\/jeanmicheldesmicht.ovh\/wp-content\/uploads\/2023\/06\/diapos_Provence_64_1-294x300.jpg 294w\" sizes=\"auto, (max-width: 587px) 100vw, 587px\" \/><figcaption class=\"wp-element-caption\">Lauris, vers Roquefra\u00eeche, \u00e9t\u00e9 1964<\/figcaption><\/figure>\n\n\n\n<figure class=\"wp-block-image size-full\"><img loading=\"lazy\" decoding=\"async\" width=\"596\" height=\"600\" src=\"https:\/\/jeanmicheldesmicht.ovh\/wp-content\/uploads\/2023\/06\/diapos_Provence_64_2.jpg\" alt=\"\" class=\"wp-image-1794\" srcset=\"https:\/\/jeanmicheldesmicht.ovh\/wp-content\/uploads\/2023\/06\/diapos_Provence_64_2.jpg 596w, https:\/\/jeanmicheldesmicht.ovh\/wp-content\/uploads\/2023\/06\/diapos_Provence_64_2-298x300.jpg 298w, https:\/\/jeanmicheldesmicht.ovh\/wp-content\/uploads\/2023\/06\/diapos_Provence_64_2-150x150.jpg 150w\" sizes=\"auto, (max-width: 596px) 100vw, 596px\" \/><figcaption class=\"wp-element-caption\">Lauris, vers Roquefra\u00eeche, \u00e9t\u00e9 1964<\/figcaption><\/figure>\n\n\n\n<figure class=\"wp-block-image size-full is-resized\"><img loading=\"lazy\" decoding=\"async\" src=\"https:\/\/jeanmicheldesmicht.ovh\/wp-content\/uploads\/2023\/06\/diapos_Provence_64_3.jpg\" alt=\"\" class=\"wp-image-1795\" width=\"596\" height=\"600\" srcset=\"https:\/\/jeanmicheldesmicht.ovh\/wp-content\/uploads\/2023\/06\/diapos_Provence_64_3.jpg 596w, https:\/\/jeanmicheldesmicht.ovh\/wp-content\/uploads\/2023\/06\/diapos_Provence_64_3-298x300.jpg 298w, https:\/\/jeanmicheldesmicht.ovh\/wp-content\/uploads\/2023\/06\/diapos_Provence_64_3-150x150.jpg 150w\" sizes=\"auto, (max-width: 596px) 100vw, 596px\" \/><figcaption class=\"wp-element-caption\">Lauris, Roquefra\u00eeche, \u00e9t\u00e9 1964<\/figcaption><\/figure>\n\n\n\n<figure class=\"wp-block-image size-full\"><img loading=\"lazy\" decoding=\"async\" width=\"597\" height=\"600\" src=\"https:\/\/jeanmicheldesmicht.ovh\/wp-content\/uploads\/2023\/06\/diapos_Provence_64_4.jpg\" alt=\"\" class=\"wp-image-1796\" srcset=\"https:\/\/jeanmicheldesmicht.ovh\/wp-content\/uploads\/2023\/06\/diapos_Provence_64_4.jpg 597w, https:\/\/jeanmicheldesmicht.ovh\/wp-content\/uploads\/2023\/06\/diapos_Provence_64_4-150x150.jpg 150w\" sizes=\"auto, (max-width: 597px) 100vw, 597px\" \/><figcaption class=\"wp-element-caption\">Lauris, vers Roquefra\u00eeche, \u00e9t\u00e9 1964<\/figcaption><\/figure>\n\n\n\n<figure class=\"wp-block-image size-full\"><img loading=\"lazy\" decoding=\"async\" width=\"598\" height=\"600\" src=\"https:\/\/jeanmicheldesmicht.ovh\/wp-content\/uploads\/2023\/06\/diapos_Provence_64_5.jpg\" alt=\"\" class=\"wp-image-1797\" srcset=\"https:\/\/jeanmicheldesmicht.ovh\/wp-content\/uploads\/2023\/06\/diapos_Provence_64_5.jpg 598w, https:\/\/jeanmicheldesmicht.ovh\/wp-content\/uploads\/2023\/06\/diapos_Provence_64_5-300x300.jpg 300w, https:\/\/jeanmicheldesmicht.ovh\/wp-content\/uploads\/2023\/06\/diapos_Provence_64_5-150x150.jpg 150w\" sizes=\"auto, (max-width: 598px) 100vw, 598px\" \/><figcaption class=\"wp-element-caption\">Lauris, vers Roquefra\u00eeche, \u00e9t\u00e9 1964<\/figcaption><\/figure>\n\n\n\n<figure class=\"wp-block-image size-full\"><img loading=\"lazy\" decoding=\"async\" width=\"596\" height=\"600\" src=\"https:\/\/jeanmicheldesmicht.ovh\/wp-content\/uploads\/2023\/06\/diapos_Provence_64_6.jpg\" alt=\"\" class=\"wp-image-1798\" srcset=\"https:\/\/jeanmicheldesmicht.ovh\/wp-content\/uploads\/2023\/06\/diapos_Provence_64_6.jpg 596w, https:\/\/jeanmicheldesmicht.ovh\/wp-content\/uploads\/2023\/06\/diapos_Provence_64_6-298x300.jpg 298w, https:\/\/jeanmicheldesmicht.ovh\/wp-content\/uploads\/2023\/06\/diapos_Provence_64_6-150x150.jpg 150w\" sizes=\"auto, (max-width: 596px) 100vw, 596px\" \/><figcaption class=\"wp-element-caption\">Lauris, vers Roquefra\u00eeche, \u00e9t\u00e9 1964<\/figcaption><\/figure>\n\n\n\n<figure class=\"wp-block-image size-full\"><img loading=\"lazy\" decoding=\"async\" width=\"596\" height=\"600\" src=\"https:\/\/jeanmicheldesmicht.ovh\/wp-content\/uploads\/2023\/06\/diapos_Provence_64_8.jpg\" alt=\"\" class=\"wp-image-1800\" srcset=\"https:\/\/jeanmicheldesmicht.ovh\/wp-content\/uploads\/2023\/06\/diapos_Provence_64_8.jpg 596w, https:\/\/jeanmicheldesmicht.ovh\/wp-content\/uploads\/2023\/06\/diapos_Provence_64_8-298x300.jpg 298w, https:\/\/jeanmicheldesmicht.ovh\/wp-content\/uploads\/2023\/06\/diapos_Provence_64_8-150x150.jpg 150w\" sizes=\"auto, (max-width: 596px) 100vw, 596px\" \/><figcaption class=\"wp-element-caption\">Lauris, le domaine de Fontenille, \u00e9t\u00e9 1964<\/figcaption><\/figure>\n\n\n\n<figure class=\"wp-block-image size-full\"><img loading=\"lazy\" decoding=\"async\" width=\"596\" height=\"600\" src=\"https:\/\/jeanmicheldesmicht.ovh\/wp-content\/uploads\/2023\/06\/diapos_Provence_64_9.jpg\" alt=\"\" class=\"wp-image-1801\" srcset=\"https:\/\/jeanmicheldesmicht.ovh\/wp-content\/uploads\/2023\/06\/diapos_Provence_64_9.jpg 596w, https:\/\/jeanmicheldesmicht.ovh\/wp-content\/uploads\/2023\/06\/diapos_Provence_64_9-298x300.jpg 298w, https:\/\/jeanmicheldesmicht.ovh\/wp-content\/uploads\/2023\/06\/diapos_Provence_64_9-150x150.jpg 150w\" sizes=\"auto, (max-width: 596px) 100vw, 596px\" \/><figcaption class=\"wp-element-caption\">Lauris, vers le domaine de Fontenille, \u00e9t\u00e9 1964<\/figcaption><\/figure>\n\n\n\n<figure class=\"wp-block-image size-full\"><img loading=\"lazy\" decoding=\"async\" width=\"596\" height=\"600\" src=\"https:\/\/jeanmicheldesmicht.ovh\/wp-content\/uploads\/2023\/06\/diapos_Provence_64_10.jpg\" alt=\"\" class=\"wp-image-1802\" srcset=\"https:\/\/jeanmicheldesmicht.ovh\/wp-content\/uploads\/2023\/06\/diapos_Provence_64_10.jpg 596w, https:\/\/jeanmicheldesmicht.ovh\/wp-content\/uploads\/2023\/06\/diapos_Provence_64_10-298x300.jpg 298w, https:\/\/jeanmicheldesmicht.ovh\/wp-content\/uploads\/2023\/06\/diapos_Provence_64_10-150x150.jpg 150w\" sizes=\"auto, (max-width: 596px) 100vw, 596px\" \/><figcaption class=\"wp-element-caption\">Lauris, vers le domaine de Fontenille, \u00e9t\u00e9 1964<\/figcaption><\/figure>\n\n\n\n<figure class=\"wp-block-image size-full\"><img loading=\"lazy\" decoding=\"async\" width=\"596\" height=\"600\" src=\"https:\/\/jeanmicheldesmicht.ovh\/wp-content\/uploads\/2023\/06\/diapos_Provence_64_11.jpg\" alt=\"\" class=\"wp-image-1803\" srcset=\"https:\/\/jeanmicheldesmicht.ovh\/wp-content\/uploads\/2023\/06\/diapos_Provence_64_11.jpg 596w, https:\/\/jeanmicheldesmicht.ovh\/wp-content\/uploads\/2023\/06\/diapos_Provence_64_11-298x300.jpg 298w, https:\/\/jeanmicheldesmicht.ovh\/wp-content\/uploads\/2023\/06\/diapos_Provence_64_11-150x150.jpg 150w\" sizes=\"auto, (max-width: 596px) 100vw, 596px\" \/><figcaption class=\"wp-element-caption\">Lauris, \u00e9t\u00e9 1964<\/figcaption><\/figure>\n\n\n\n<figure class=\"wp-block-image size-full\"><img loading=\"lazy\" decoding=\"async\" width=\"594\" height=\"600\" src=\"https:\/\/jeanmicheldesmicht.ovh\/wp-content\/uploads\/2023\/06\/diapos_Provence_64_12.jpg\" alt=\"\" class=\"wp-image-1804\" srcset=\"https:\/\/jeanmicheldesmicht.ovh\/wp-content\/uploads\/2023\/06\/diapos_Provence_64_12.jpg 594w, https:\/\/jeanmicheldesmicht.ovh\/wp-content\/uploads\/2023\/06\/diapos_Provence_64_12-297x300.jpg 297w\" sizes=\"auto, (max-width: 594px) 100vw, 594px\" \/><figcaption class=\"wp-element-caption\">Lauris, vers le domaine de Fontenille, \u00e9t\u00e9 1964<\/figcaption><\/figure>\n\n\n\n<figure class=\"wp-block-image size-full\"><img loading=\"lazy\" decoding=\"async\" width=\"600\" height=\"600\" src=\"https:\/\/jeanmicheldesmicht.ovh\/wp-content\/uploads\/2023\/06\/diapos_Provence_64_14.jpg\" alt=\"\" class=\"wp-image-1805\" srcset=\"https:\/\/jeanmicheldesmicht.ovh\/wp-content\/uploads\/2023\/06\/diapos_Provence_64_14.jpg 600w, https:\/\/jeanmicheldesmicht.ovh\/wp-content\/uploads\/2023\/06\/diapos_Provence_64_14-300x300.jpg 300w, https:\/\/jeanmicheldesmicht.ovh\/wp-content\/uploads\/2023\/06\/diapos_Provence_64_14-150x150.jpg 150w\" sizes=\"auto, (max-width: 600px) 100vw, 600px\" \/><figcaption class=\"wp-element-caption\">Cadenet, \u00e9t\u00e9 1964<\/figcaption><\/figure>\n\n\n\n<figure class=\"wp-block-image size-full\"><img loading=\"lazy\" decoding=\"async\" width=\"593\" height=\"600\" src=\"https:\/\/jeanmicheldesmicht.ovh\/wp-content\/uploads\/2023\/06\/diapos_Provence_64_15.jpg\" alt=\"\" class=\"wp-image-1806\" srcset=\"https:\/\/jeanmicheldesmicht.ovh\/wp-content\/uploads\/2023\/06\/diapos_Provence_64_15.jpg 593w, https:\/\/jeanmicheldesmicht.ovh\/wp-content\/uploads\/2023\/06\/diapos_Provence_64_15-297x300.jpg 297w\" sizes=\"auto, (max-width: 593px) 100vw, 593px\" \/><figcaption class=\"wp-element-caption\">Cadenet, \u00e9t\u00e9 1964<\/figcaption><\/figure>\n\n\n\n<figure class=\"wp-block-image size-full\"><img loading=\"lazy\" decoding=\"async\" width=\"597\" height=\"600\" src=\"https:\/\/jeanmicheldesmicht.ovh\/wp-content\/uploads\/2023\/06\/diapos_Provence_64_16.jpg\" alt=\"\" class=\"wp-image-1807\" srcset=\"https:\/\/jeanmicheldesmicht.ovh\/wp-content\/uploads\/2023\/06\/diapos_Provence_64_16.jpg 597w, https:\/\/jeanmicheldesmicht.ovh\/wp-content\/uploads\/2023\/06\/diapos_Provence_64_16-150x150.jpg 150w\" sizes=\"auto, (max-width: 597px) 100vw, 597px\" \/><figcaption class=\"wp-element-caption\">Cadenet, \u00e9t\u00e9 1964<\/figcaption><\/figure>\n\n\n\n<figure class=\"wp-block-image size-full\"><img loading=\"lazy\" decoding=\"async\" width=\"599\" height=\"600\" src=\"https:\/\/jeanmicheldesmicht.ovh\/wp-content\/uploads\/2023\/06\/diapos_Provence_64_17.jpg\" alt=\"\" class=\"wp-image-1808\" srcset=\"https:\/\/jeanmicheldesmicht.ovh\/wp-content\/uploads\/2023\/06\/diapos_Provence_64_17.jpg 599w, https:\/\/jeanmicheldesmicht.ovh\/wp-content\/uploads\/2023\/06\/diapos_Provence_64_17-300x300.jpg 300w, https:\/\/jeanmicheldesmicht.ovh\/wp-content\/uploads\/2023\/06\/diapos_Provence_64_17-150x150.jpg 150w\" sizes=\"auto, (max-width: 599px) 100vw, 599px\" \/><figcaption class=\"wp-element-caption\">Cadenet, &#8220;chez F\u00e9licien&#8221; avenue Philippe de Girard, \u00e9t\u00e9 1964, certainement mon premier restaurant !<\/figcaption><\/figure>\n\n\n\n<figure class=\"wp-block-image size-full\"><img loading=\"lazy\" decoding=\"async\" width=\"596\" height=\"600\" src=\"https:\/\/jeanmicheldesmicht.ovh\/wp-content\/uploads\/2023\/06\/diapos_Provence_64_19.jpg\" alt=\"\" class=\"wp-image-1809\" srcset=\"https:\/\/jeanmicheldesmicht.ovh\/wp-content\/uploads\/2023\/06\/diapos_Provence_64_19.jpg 596w, https:\/\/jeanmicheldesmicht.ovh\/wp-content\/uploads\/2023\/06\/diapos_Provence_64_19-298x300.jpg 298w, https:\/\/jeanmicheldesmicht.ovh\/wp-content\/uploads\/2023\/06\/diapos_Provence_64_19-150x150.jpg 150w\" sizes=\"auto, (max-width: 596px) 100vw, 596px\" \/><figcaption class=\"wp-element-caption\">Cadenet, \u00e9t\u00e9 1964<\/figcaption><\/figure>\n\n\n\n<figure class=\"wp-block-image size-full\"><img loading=\"lazy\" decoding=\"async\" width=\"591\" height=\"600\" src=\"https:\/\/jeanmicheldesmicht.ovh\/wp-content\/uploads\/2023\/06\/diapos_Provence_64_20.jpg\" alt=\"\" class=\"wp-image-1810\" srcset=\"https:\/\/jeanmicheldesmicht.ovh\/wp-content\/uploads\/2023\/06\/diapos_Provence_64_20.jpg 591w, https:\/\/jeanmicheldesmicht.ovh\/wp-content\/uploads\/2023\/06\/diapos_Provence_64_20-296x300.jpg 296w\" sizes=\"auto, (max-width: 591px) 100vw, 591px\" \/><figcaption class=\"wp-element-caption\">Cadenet, rue du 8 mai 1945, \u00e9t\u00e9 1964<\/figcaption><\/figure>\n\n\n\n<p><\/p>\n","protected":false},"excerpt":{"rendered":"","protected":false},"author":1,"featured_media":0,"parent":1781,"menu_order":0,"comment_status":"closed","ping_status":"closed","template":"","meta":{"footnotes":""},"class_list":["post-1812","page","type-page","status-publish","hentry"],"yoast_head":"<!-- This site is optimized with the Yoast SEO plugin v20.7 - https:\/\/yoast.com\/wordpress\/plugins\/seo\/ -->\n<title>Photos anciennes, Lauris, le domaine de Fontenille, Cadenet - Le site de Jean-Michel Desmicht<\/title>\n<meta name=\"robots\" content=\"index, follow, max-snippet:-1, max-image-preview:large, max-video-preview:-1\" \/>\n<link rel=\"canonical\" href=\"https:\/\/jeanmicheldesmicht.ovh\/index.php\/photos-anciennes\/photos-anciennes-lauris-le-domaine-de-fontenille-cadenet\/\" \/>\n<meta property=\"og:locale\" content=\"fr_FR\" \/>\n<meta property=\"og:type\" content=\"article\" \/>\n<meta property=\"og:title\" content=\"Photos anciennes, Lauris, le domaine de Fontenille, Cadenet - Le site de Jean-Michel Desmicht\" \/>\n<meta property=\"og:url\" content=\"https:\/\/jeanmicheldesmicht.ovh\/index.php\/photos-anciennes\/photos-anciennes-lauris-le-domaine-de-fontenille-cadenet\/\" \/>\n<meta property=\"og:site_name\" content=\"Le site de Jean-Michel Desmicht\" \/>\n<meta property=\"article:modified_time\" content=\"2023-06-04T06:09:47+00:00\" \/>\n<meta property=\"og:image\" content=\"https:\/\/jeanmicheldesmicht.ovh\/wp-content\/uploads\/2023\/06\/diapos_Provence_64_1.jpg\" \/>\n<meta name=\"twitter:card\" content=\"summary_large_image\" \/>\n<meta name=\"twitter:label1\" content=\"Dur\u00e9e de lecture estim\u00e9e\" \/>\n\t<meta name=\"twitter:data1\" content=\"4 minutes\" \/>\n<script type=\"application\/ld+json\" class=\"yoast-schema-graph\">{\"@context\":\"https:\/\/schema.org\",\"@graph\":[{\"@type\":\"WebPage\",\"@id\":\"https:\/\/jeanmicheldesmicht.ovh\/index.php\/photos-anciennes\/photos-anciennes-lauris-le-domaine-de-fontenille-cadenet\/\",\"url\":\"https:\/\/jeanmicheldesmicht.ovh\/index.php\/photos-anciennes\/photos-anciennes-lauris-le-domaine-de-fontenille-cadenet\/\",\"name\":\"Photos anciennes, Lauris, le domaine de Fontenille, Cadenet - Le site de Jean-Michel Desmicht\",\"isPartOf\":{\"@id\":\"https:\/\/jeanmicheldesmicht.ovh\/#website\"},\"datePublished\":\"2023-06-04T05:49:42+00:00\",\"dateModified\":\"2023-06-04T06:09:47+00:00\",\"breadcrumb\":{\"@id\":\"https:\/\/jeanmicheldesmicht.ovh\/index.php\/photos-anciennes\/photos-anciennes-lauris-le-domaine-de-fontenille-cadenet\/#breadcrumb\"},\"inLanguage\":\"fr-FR\",\"potentialAction\":[{\"@type\":\"ReadAction\",\"target\":[\"https:\/\/jeanmicheldesmicht.ovh\/index.php\/photos-anciennes\/photos-anciennes-lauris-le-domaine-de-fontenille-cadenet\/\"]}]},{\"@type\":\"BreadcrumbList\",\"@id\":\"https:\/\/jeanmicheldesmicht.ovh\/index.php\/photos-anciennes\/photos-anciennes-lauris-le-domaine-de-fontenille-cadenet\/#breadcrumb\",\"itemListElement\":[{\"@type\":\"ListItem\",\"position\":1,\"name\":\"Accueil\",\"item\":\"https:\/\/jeanmicheldesmicht.ovh\/\"},{\"@type\":\"ListItem\",\"position\":2,\"name\":\"Photos anciennes\",\"item\":\"https:\/\/jeanmicheldesmicht.ovh\/index.php\/photos-anciennes\/\"},{\"@type\":\"ListItem\",\"position\":3,\"name\":\"Photos anciennes, Lauris, le domaine de Fontenille, Cadenet\"}]},{\"@type\":\"WebSite\",\"@id\":\"https:\/\/jeanmicheldesmicht.ovh\/#website\",\"url\":\"https:\/\/jeanmicheldesmicht.ovh\/\",\"name\":\"Le site de Jean-Michel Desmicht\",\"description\":\"Un site utilisant WordPress\",\"potentialAction\":[{\"@type\":\"SearchAction\",\"target\":{\"@type\":\"EntryPoint\",\"urlTemplate\":\"https:\/\/jeanmicheldesmicht.ovh\/?s={search_term_string}\"},\"query-input\":\"required name=search_term_string\"}],\"inLanguage\":\"fr-FR\"}]}<\/script>\n<!-- \/ Yoast SEO plugin. -->","yoast_head_json":{"title":"Photos anciennes, Lauris, le domaine de Fontenille, Cadenet - Le site de Jean-Michel Desmicht","robots":{"index":"index","follow":"follow","max-snippet":"max-snippet:-1","max-image-preview":"max-image-preview:large","max-video-preview":"max-video-preview:-1"},"canonical":"https:\/\/jeanmicheldesmicht.ovh\/index.php\/photos-anciennes\/photos-anciennes-lauris-le-domaine-de-fontenille-cadenet\/","og_locale":"fr_FR","og_type":"article","og_title":"Photos anciennes, Lauris, le domaine de Fontenille, Cadenet - Le site de Jean-Michel Desmicht","og_url":"https:\/\/jeanmicheldesmicht.ovh\/index.php\/photos-anciennes\/photos-anciennes-lauris-le-domaine-de-fontenille-cadenet\/","og_site_name":"Le site de Jean-Michel Desmicht","article_modified_time":"2023-06-04T06:09:47+00:00","og_image":[{"url":"https:\/\/jeanmicheldesmicht.ovh\/wp-content\/uploads\/2023\/06\/diapos_Provence_64_1.jpg"}],"twitter_card":"summary_large_image","twitter_misc":{"Dur\u00e9e de lecture estim\u00e9e":"4 minutes"},"schema":{"@context":"https:\/\/schema.org","@graph":[{"@type":"WebPage","@id":"https:\/\/jeanmicheldesmicht.ovh\/index.php\/photos-anciennes\/photos-anciennes-lauris-le-domaine-de-fontenille-cadenet\/","url":"https:\/\/jeanmicheldesmicht.ovh\/index.php\/photos-anciennes\/photos-anciennes-lauris-le-domaine-de-fontenille-cadenet\/","name":"Photos anciennes, Lauris, le domaine de Fontenille, Cadenet - Le site de Jean-Michel Desmicht","isPartOf":{"@id":"https:\/\/jeanmicheldesmicht.ovh\/#website"},"datePublished":"2023-06-04T05:49:42+00:00","dateModified":"2023-06-04T06:09:47+00:00","breadcrumb":{"@id":"https:\/\/jeanmicheldesmicht.ovh\/index.php\/photos-anciennes\/photos-anciennes-lauris-le-domaine-de-fontenille-cadenet\/#breadcrumb"},"inLanguage":"fr-FR","potentialAction":[{"@type":"ReadAction","target":["https:\/\/jeanmicheldesmicht.ovh\/index.php\/photos-anciennes\/photos-anciennes-lauris-le-domaine-de-fontenille-cadenet\/"]}]},{"@type":"BreadcrumbList","@id":"https:\/\/jeanmicheldesmicht.ovh\/index.php\/photos-anciennes\/photos-anciennes-lauris-le-domaine-de-fontenille-cadenet\/#breadcrumb","itemListElement":[{"@type":"ListItem","position":1,"name":"Accueil","item":"https:\/\/jeanmicheldesmicht.ovh\/"},{"@type":"ListItem","position":2,"name":"Photos anciennes","item":"https:\/\/jeanmicheldesmicht.ovh\/index.php\/photos-anciennes\/"},{"@type":"ListItem","position":3,"name":"Photos anciennes, Lauris, le domaine de Fontenille, Cadenet"}]},{"@type":"WebSite","@id":"https:\/\/jeanmicheldesmicht.ovh\/#website","url":"https:\/\/jeanmicheldesmicht.ovh\/","name":"Le site de Jean-Michel Desmicht","description":"Un site utilisant WordPress","potentialAction":[{"@type":"SearchAction","target":{"@type":"EntryPoint","urlTemplate":"https:\/\/jeanmicheldesmicht.ovh\/?s={search_term_string}"},"query-input":"required name=search_term_string"}],"inLanguage":"fr-FR"}]}},"_links":{"self":[{"href":"https:\/\/jeanmicheldesmicht.ovh\/index.php\/wp-json\/wp\/v2\/pages\/1812","targetHints":{"allow":["GET"]}}],"collection":[{"href":"https:\/\/jeanmicheldesmicht.ovh\/index.php\/wp-json\/wp\/v2\/pages"}],"about":[{"href":"https:\/\/jeanmicheldesmicht.ovh\/index.php\/wp-json\/wp\/v2\/types\/page"}],"author":[{"embeddable":true,"href":"https:\/\/jeanmicheldesmicht.ovh\/index.php\/wp-json\/wp\/v2\/users\/1"}],"replies":[{"embeddable":true,"href":"https:\/\/jeanmicheldesmicht.ovh\/index.php\/wp-json\/wp\/v2\/comments?post=1812"}],"version-history":[{"count":3,"href":"https:\/\/jeanmicheldesmicht.ovh\/index.php\/wp-json\/wp\/v2\/pages\/1812\/revisions"}],"predecessor-version":[{"id":1815,"href":"https:\/\/jeanmicheldesmicht.ovh\/index.php\/wp-json\/wp\/v2\/pages\/1812\/revisions\/1815"}],"up":[{"embeddable":true,"href":"https:\/\/jeanmicheldesmicht.ovh\/index.php\/wp-json\/wp\/v2\/pages\/1781"}],"wp:attachment":[{"href":"https:\/\/jeanmicheldesmicht.ovh\/index.php\/wp-json\/wp\/v2\/media?parent=1812"}],"curies":[{"name":"wp","href":"https:\/\/api.w.org\/{rel}","templated":true}]}}