{"id":1853,"date":"2023-06-21T07:58:04","date_gmt":"2023-06-21T05:58:04","guid":{"rendered":"https:\/\/jeanmicheldesmicht.ovh\/?page_id=1853"},"modified":"2023-06-21T07:58:05","modified_gmt":"2023-06-21T05:58:05","slug":"photos-anciennes-besancon-le-chemin-francais-et-la-rue-battant","status":"publish","type":"page","link":"https:\/\/jeanmicheldesmicht.ovh\/index.php\/photos-anciennes\/photos-anciennes-besancon-le-chemin-francais-et-la-rue-battant\/","title":{"rendered":"Photos anciennes, Besan\u00e7on, le Chemin Fran\u00e7ais et la rue Battant"},"content":{"rendered":"\n<figure class=\"wp-block-image size-full\"><img loading=\"lazy\" decoding=\"async\" width=\"800\" height=\"512\" src=\"https:\/\/jeanmicheldesmicht.ovh\/wp-content\/uploads\/2023\/06\/diapos_Besancon_60_1.jpg\" alt=\"\" class=\"wp-image-1818\" srcset=\"https:\/\/jeanmicheldesmicht.ovh\/wp-content\/uploads\/2023\/06\/diapos_Besancon_60_1.jpg 800w, https:\/\/jeanmicheldesmicht.ovh\/wp-content\/uploads\/2023\/06\/diapos_Besancon_60_1-300x192.jpg 300w, https:\/\/jeanmicheldesmicht.ovh\/wp-content\/uploads\/2023\/06\/diapos_Besancon_60_1-768x492.jpg 768w\" sizes=\"auto, (max-width: 800px) 100vw, 800px\" \/><figcaption class=\"wp-element-caption\">Besan\u00e7on, Chemin Fran\u00e7ais, ann\u00e9es 1960<\/figcaption><\/figure>\n\n\n\n<figure class=\"wp-block-image size-full\"><img loading=\"lazy\" decoding=\"async\" width=\"384\" height=\"600\" src=\"https:\/\/jeanmicheldesmicht.ovh\/wp-content\/uploads\/2023\/06\/diapos_Besancon_60_13.jpg\" alt=\"\" class=\"wp-image-1823\" srcset=\"https:\/\/jeanmicheldesmicht.ovh\/wp-content\/uploads\/2023\/06\/diapos_Besancon_60_13.jpg 384w, https:\/\/jeanmicheldesmicht.ovh\/wp-content\/uploads\/2023\/06\/diapos_Besancon_60_13-192x300.jpg 192w\" sizes=\"auto, (max-width: 384px) 100vw, 384px\" \/><figcaption class=\"wp-element-caption\">Besan\u00e7on, Chemin Fran\u00e7ais, ann\u00e9es 1960<\/figcaption><\/figure>\n\n\n\n<figure class=\"wp-block-image size-full\"><img loading=\"lazy\" decoding=\"async\" width=\"800\" height=\"512\" src=\"https:\/\/jeanmicheldesmicht.ovh\/wp-content\/uploads\/2023\/06\/diapos_Besancon_60_2.jpg\" alt=\"\" class=\"wp-image-1819\" srcset=\"https:\/\/jeanmicheldesmicht.ovh\/wp-content\/uploads\/2023\/06\/diapos_Besancon_60_2.jpg 800w, https:\/\/jeanmicheldesmicht.ovh\/wp-content\/uploads\/2023\/06\/diapos_Besancon_60_2-300x192.jpg 300w, https:\/\/jeanmicheldesmicht.ovh\/wp-content\/uploads\/2023\/06\/diapos_Besancon_60_2-768x492.jpg 768w\" sizes=\"auto, (max-width: 800px) 100vw, 800px\" \/><figcaption class=\"wp-element-caption\">Besan\u00e7on, 38 rue Battant, ann\u00e9es 1960<\/figcaption><\/figure>\n\n\n\n<figure class=\"wp-block-image size-full\"><img loading=\"lazy\" decoding=\"async\" width=\"800\" height=\"512\" src=\"https:\/\/jeanmicheldesmicht.ovh\/wp-content\/uploads\/2023\/06\/diapos_Besancon_60_3.jpg\" alt=\"\" class=\"wp-image-1820\" srcset=\"https:\/\/jeanmicheldesmicht.ovh\/wp-content\/uploads\/2023\/06\/diapos_Besancon_60_3.jpg 800w, https:\/\/jeanmicheldesmicht.ovh\/wp-content\/uploads\/2023\/06\/diapos_Besancon_60_3-300x192.jpg 300w, https:\/\/jeanmicheldesmicht.ovh\/wp-content\/uploads\/2023\/06\/diapos_Besancon_60_3-768x492.jpg 768w\" sizes=\"auto, (max-width: 800px) 100vw, 800px\" \/><figcaption class=\"wp-element-caption\">Besan\u00e7on, vue depuis le 38 rue Battant, ann\u00e9es 1960<\/figcaption><\/figure>\n\n\n\n<figure class=\"wp-block-image size-full\"><img loading=\"lazy\" decoding=\"async\" width=\"384\" height=\"600\" src=\"https:\/\/jeanmicheldesmicht.ovh\/wp-content\/uploads\/2023\/06\/diapos_Besancon_60_10.jpg\" alt=\"\" class=\"wp-image-1821\" srcset=\"https:\/\/jeanmicheldesmicht.ovh\/wp-content\/uploads\/2023\/06\/diapos_Besancon_60_10.jpg 384w, https:\/\/jeanmicheldesmicht.ovh\/wp-content\/uploads\/2023\/06\/diapos_Besancon_60_10-192x300.jpg 192w\" sizes=\"auto, (max-width: 384px) 100vw, 384px\" \/><figcaption class=\"wp-element-caption\">Besan\u00e7on, 38 rue Battant, ann\u00e9es 1960<\/figcaption><\/figure>\n\n\n\n<figure class=\"wp-block-image size-full\"><img loading=\"lazy\" decoding=\"async\" width=\"384\" height=\"600\" src=\"https:\/\/jeanmicheldesmicht.ovh\/wp-content\/uploads\/2023\/06\/diapos_Besancon_60_11.jpg\" alt=\"\" class=\"wp-image-1822\" srcset=\"https:\/\/jeanmicheldesmicht.ovh\/wp-content\/uploads\/2023\/06\/diapos_Besancon_60_11.jpg 384w, https:\/\/jeanmicheldesmicht.ovh\/wp-content\/uploads\/2023\/06\/diapos_Besancon_60_11-192x300.jpg 192w\" sizes=\"auto, (max-width: 384px) 100vw, 384px\" \/><figcaption class=\"wp-element-caption\">Besan\u00e7on, vue depuis le 38 rue Battant, ann\u00e9es 1960<\/figcaption><\/figure>\n","protected":false},"excerpt":{"rendered":"","protected":false},"author":1,"featured_media":0,"parent":1781,"menu_order":0,"comment_status":"closed","ping_status":"closed","template":"","meta":{"footnotes":""},"class_list":["post-1853","page","type-page","status-publish","hentry"],"yoast_head":"<!-- This site is optimized with the Yoast SEO plugin v20.7 - https:\/\/yoast.com\/wordpress\/plugins\/seo\/ -->\n<title>Photos anciennes, Besan\u00e7on, le Chemin Fran\u00e7ais et la rue Battant - Le site de Jean-Michel Desmicht<\/title>\n<meta name=\"robots\" content=\"index, follow, max-snippet:-1, max-image-preview:large, max-video-preview:-1\" \/>\n<link rel=\"canonical\" href=\"https:\/\/jeanmicheldesmicht.ovh\/index.php\/photos-anciennes\/photos-anciennes-besancon-le-chemin-francais-et-la-rue-battant\/\" \/>\n<meta property=\"og:locale\" content=\"fr_FR\" \/>\n<meta property=\"og:type\" content=\"article\" \/>\n<meta property=\"og:title\" content=\"Photos anciennes, Besan\u00e7on, le Chemin Fran\u00e7ais et la rue Battant - Le site de Jean-Michel Desmicht\" \/>\n<meta property=\"og:url\" content=\"https:\/\/jeanmicheldesmicht.ovh\/index.php\/photos-anciennes\/photos-anciennes-besancon-le-chemin-francais-et-la-rue-battant\/\" \/>\n<meta property=\"og:site_name\" content=\"Le site de Jean-Michel Desmicht\" \/>\n<meta property=\"article:modified_time\" content=\"2023-06-21T05:58:05+00:00\" \/>\n<meta property=\"og:image\" content=\"https:\/\/jeanmicheldesmicht.ovh\/wp-content\/uploads\/2023\/06\/diapos_Besancon_60_1.jpg\" \/>\n<meta name=\"twitter:card\" content=\"summary_large_image\" \/>\n<meta name=\"twitter:label1\" content=\"Dur\u00e9e de lecture estim\u00e9e\" \/>\n\t<meta name=\"twitter:data1\" content=\"2 minutes\" \/>\n<script type=\"application\/ld+json\" class=\"yoast-schema-graph\">{\"@context\":\"https:\/\/schema.org\",\"@graph\":[{\"@type\":\"WebPage\",\"@id\":\"https:\/\/jeanmicheldesmicht.ovh\/index.php\/photos-anciennes\/photos-anciennes-besancon-le-chemin-francais-et-la-rue-battant\/\",\"url\":\"https:\/\/jeanmicheldesmicht.ovh\/index.php\/photos-anciennes\/photos-anciennes-besancon-le-chemin-francais-et-la-rue-battant\/\",\"name\":\"Photos anciennes, Besan\u00e7on, le Chemin Fran\u00e7ais et la rue Battant - Le site de Jean-Michel Desmicht\",\"isPartOf\":{\"@id\":\"https:\/\/jeanmicheldesmicht.ovh\/#website\"},\"datePublished\":\"2023-06-21T05:58:04+00:00\",\"dateModified\":\"2023-06-21T05:58:05+00:00\",\"breadcrumb\":{\"@id\":\"https:\/\/jeanmicheldesmicht.ovh\/index.php\/photos-anciennes\/photos-anciennes-besancon-le-chemin-francais-et-la-rue-battant\/#breadcrumb\"},\"inLanguage\":\"fr-FR\",\"potentialAction\":[{\"@type\":\"ReadAction\",\"target\":[\"https:\/\/jeanmicheldesmicht.ovh\/index.php\/photos-anciennes\/photos-anciennes-besancon-le-chemin-francais-et-la-rue-battant\/\"]}]},{\"@type\":\"BreadcrumbList\",\"@id\":\"https:\/\/jeanmicheldesmicht.ovh\/index.php\/photos-anciennes\/photos-anciennes-besancon-le-chemin-francais-et-la-rue-battant\/#breadcrumb\",\"itemListElement\":[{\"@type\":\"ListItem\",\"position\":1,\"name\":\"Accueil\",\"item\":\"https:\/\/jeanmicheldesmicht.ovh\/\"},{\"@type\":\"ListItem\",\"position\":2,\"name\":\"Photos anciennes\",\"item\":\"https:\/\/jeanmicheldesmicht.ovh\/index.php\/photos-anciennes\/\"},{\"@type\":\"ListItem\",\"position\":3,\"name\":\"Photos anciennes, Besan\u00e7on, le Chemin Fran\u00e7ais et la rue Battant\"}]},{\"@type\":\"WebSite\",\"@id\":\"https:\/\/jeanmicheldesmicht.ovh\/#website\",\"url\":\"https:\/\/jeanmicheldesmicht.ovh\/\",\"name\":\"Le site de Jean-Michel Desmicht\",\"description\":\"Un site utilisant WordPress\",\"potentialAction\":[{\"@type\":\"SearchAction\",\"target\":{\"@type\":\"EntryPoint\",\"urlTemplate\":\"https:\/\/jeanmicheldesmicht.ovh\/?s={search_term_string}\"},\"query-input\":\"required name=search_term_string\"}],\"inLanguage\":\"fr-FR\"}]}<\/script>\n<!-- \/ Yoast SEO plugin. -->","yoast_head_json":{"title":"Photos anciennes, Besan\u00e7on, le Chemin Fran\u00e7ais et la rue Battant - Le site de Jean-Michel Desmicht","robots":{"index":"index","follow":"follow","max-snippet":"max-snippet:-1","max-image-preview":"max-image-preview:large","max-video-preview":"max-video-preview:-1"},"canonical":"https:\/\/jeanmicheldesmicht.ovh\/index.php\/photos-anciennes\/photos-anciennes-besancon-le-chemin-francais-et-la-rue-battant\/","og_locale":"fr_FR","og_type":"article","og_title":"Photos anciennes, Besan\u00e7on, le Chemin Fran\u00e7ais et la rue Battant - Le site de Jean-Michel Desmicht","og_url":"https:\/\/jeanmicheldesmicht.ovh\/index.php\/photos-anciennes\/photos-anciennes-besancon-le-chemin-francais-et-la-rue-battant\/","og_site_name":"Le site de Jean-Michel Desmicht","article_modified_time":"2023-06-21T05:58:05+00:00","og_image":[{"url":"https:\/\/jeanmicheldesmicht.ovh\/wp-content\/uploads\/2023\/06\/diapos_Besancon_60_1.jpg"}],"twitter_card":"summary_large_image","twitter_misc":{"Dur\u00e9e de lecture estim\u00e9e":"2 minutes"},"schema":{"@context":"https:\/\/schema.org","@graph":[{"@type":"WebPage","@id":"https:\/\/jeanmicheldesmicht.ovh\/index.php\/photos-anciennes\/photos-anciennes-besancon-le-chemin-francais-et-la-rue-battant\/","url":"https:\/\/jeanmicheldesmicht.ovh\/index.php\/photos-anciennes\/photos-anciennes-besancon-le-chemin-francais-et-la-rue-battant\/","name":"Photos anciennes, Besan\u00e7on, le Chemin Fran\u00e7ais et la rue Battant - Le site de Jean-Michel Desmicht","isPartOf":{"@id":"https:\/\/jeanmicheldesmicht.ovh\/#website"},"datePublished":"2023-06-21T05:58:04+00:00","dateModified":"2023-06-21T05:58:05+00:00","breadcrumb":{"@id":"https:\/\/jeanmicheldesmicht.ovh\/index.php\/photos-anciennes\/photos-anciennes-besancon-le-chemin-francais-et-la-rue-battant\/#breadcrumb"},"inLanguage":"fr-FR","potentialAction":[{"@type":"ReadAction","target":["https:\/\/jeanmicheldesmicht.ovh\/index.php\/photos-anciennes\/photos-anciennes-besancon-le-chemin-francais-et-la-rue-battant\/"]}]},{"@type":"BreadcrumbList","@id":"https:\/\/jeanmicheldesmicht.ovh\/index.php\/photos-anciennes\/photos-anciennes-besancon-le-chemin-francais-et-la-rue-battant\/#breadcrumb","itemListElement":[{"@type":"ListItem","position":1,"name":"Accueil","item":"https:\/\/jeanmicheldesmicht.ovh\/"},{"@type":"ListItem","position":2,"name":"Photos anciennes","item":"https:\/\/jeanmicheldesmicht.ovh\/index.php\/photos-anciennes\/"},{"@type":"ListItem","position":3,"name":"Photos anciennes, Besan\u00e7on, le Chemin Fran\u00e7ais et la rue Battant"}]},{"@type":"WebSite","@id":"https:\/\/jeanmicheldesmicht.ovh\/#website","url":"https:\/\/jeanmicheldesmicht.ovh\/","name":"Le site de Jean-Michel Desmicht","description":"Un site utilisant WordPress","potentialAction":[{"@type":"SearchAction","target":{"@type":"EntryPoint","urlTemplate":"https:\/\/jeanmicheldesmicht.ovh\/?s={search_term_string}"},"query-input":"required name=search_term_string"}],"inLanguage":"fr-FR"}]}},"_links":{"self":[{"href":"https:\/\/jeanmicheldesmicht.ovh\/index.php\/wp-json\/wp\/v2\/pages\/1853","targetHints":{"allow":["GET"]}}],"collection":[{"href":"https:\/\/jeanmicheldesmicht.ovh\/index.php\/wp-json\/wp\/v2\/pages"}],"about":[{"href":"https:\/\/jeanmicheldesmicht.ovh\/index.php\/wp-json\/wp\/v2\/types\/page"}],"author":[{"embeddable":true,"href":"https:\/\/jeanmicheldesmicht.ovh\/index.php\/wp-json\/wp\/v2\/users\/1"}],"replies":[{"embeddable":true,"href":"https:\/\/jeanmicheldesmicht.ovh\/index.php\/wp-json\/wp\/v2\/comments?post=1853"}],"version-history":[{"count":1,"href":"https:\/\/jeanmicheldesmicht.ovh\/index.php\/wp-json\/wp\/v2\/pages\/1853\/revisions"}],"predecessor-version":[{"id":1854,"href":"https:\/\/jeanmicheldesmicht.ovh\/index.php\/wp-json\/wp\/v2\/pages\/1853\/revisions\/1854"}],"up":[{"embeddable":true,"href":"https:\/\/jeanmicheldesmicht.ovh\/index.php\/wp-json\/wp\/v2\/pages\/1781"}],"wp:attachment":[{"href":"https:\/\/jeanmicheldesmicht.ovh\/index.php\/wp-json\/wp\/v2\/media?parent=1853"}],"curies":[{"name":"wp","href":"https:\/\/api.w.org\/{rel}","templated":true}]}}