{"id":1855,"date":"2023-06-21T08:17:10","date_gmt":"2023-06-21T06:17:10","guid":{"rendered":"https:\/\/jeanmicheldesmicht.ovh\/?page_id=1855"},"modified":"2023-06-21T08:17:11","modified_gmt":"2023-06-21T06:17:11","slug":"photos-anciennes-lagny-sur-marne-thorigny-sur-marne","status":"publish","type":"page","link":"https:\/\/jeanmicheldesmicht.ovh\/index.php\/photos-anciennes\/photos-anciennes-lagny-sur-marne-thorigny-sur-marne\/","title":{"rendered":"Photos anciennes, Lagny-sur-Marne, Thorigny-sur-Marne"},"content":{"rendered":"\n<figure class=\"wp-block-image size-full\"><img loading=\"lazy\" decoding=\"async\" width=\"800\" height=\"512\" src=\"https:\/\/jeanmicheldesmicht.ovh\/wp-content\/uploads\/2023\/06\/diapos_S_Marne_60_1.jpg\" alt=\"\" class=\"wp-image-1824\" srcset=\"https:\/\/jeanmicheldesmicht.ovh\/wp-content\/uploads\/2023\/06\/diapos_S_Marne_60_1.jpg 800w, https:\/\/jeanmicheldesmicht.ovh\/wp-content\/uploads\/2023\/06\/diapos_S_Marne_60_1-300x192.jpg 300w, https:\/\/jeanmicheldesmicht.ovh\/wp-content\/uploads\/2023\/06\/diapos_S_Marne_60_1-768x492.jpg 768w\" sizes=\"auto, (max-width: 800px) 100vw, 800px\" \/><figcaption class=\"wp-element-caption\">Thorigny-sur-Marne, rue du Moustier, vue depuis le 11\u00e8me \u00e9tage, ann\u00e9es 1960<\/figcaption><\/figure>\n\n\n\n<figure class=\"wp-block-image size-full\"><img loading=\"lazy\" decoding=\"async\" width=\"800\" height=\"642\" src=\"https:\/\/jeanmicheldesmicht.ovh\/wp-content\/uploads\/2023\/06\/diapos_S_Marne_66_1.jpg\" alt=\"\" class=\"wp-image-1825\" srcset=\"https:\/\/jeanmicheldesmicht.ovh\/wp-content\/uploads\/2023\/06\/diapos_S_Marne_66_1.jpg 800w, https:\/\/jeanmicheldesmicht.ovh\/wp-content\/uploads\/2023\/06\/diapos_S_Marne_66_1-300x241.jpg 300w, https:\/\/jeanmicheldesmicht.ovh\/wp-content\/uploads\/2023\/06\/diapos_S_Marne_66_1-768x616.jpg 768w\" sizes=\"auto, (max-width: 800px) 100vw, 800px\" \/><figcaption class=\"wp-element-caption\">Lagny-sur-Marne, la crue de la Marne, 1966<\/figcaption><\/figure>\n\n\n\n<figure class=\"wp-block-image size-full\"><img loading=\"lazy\" decoding=\"async\" width=\"604\" height=\"600\" src=\"https:\/\/jeanmicheldesmicht.ovh\/wp-content\/uploads\/2023\/06\/diapos_S_Marne_66_2.jpg\" alt=\"\" class=\"wp-image-1826\" srcset=\"https:\/\/jeanmicheldesmicht.ovh\/wp-content\/uploads\/2023\/06\/diapos_S_Marne_66_2.jpg 604w, https:\/\/jeanmicheldesmicht.ovh\/wp-content\/uploads\/2023\/06\/diapos_S_Marne_66_2-300x298.jpg 300w, https:\/\/jeanmicheldesmicht.ovh\/wp-content\/uploads\/2023\/06\/diapos_S_Marne_66_2-150x150.jpg 150w\" sizes=\"auto, (max-width: 604px) 100vw, 604px\" \/><figcaption class=\"wp-element-caption\">Lagny-sur-Marne, la crue de la Marne, 1966<\/figcaption><\/figure>\n\n\n\n<figure class=\"wp-block-image size-full\"><img loading=\"lazy\" decoding=\"async\" width=\"600\" height=\"600\" src=\"https:\/\/jeanmicheldesmicht.ovh\/wp-content\/uploads\/2023\/06\/diapos_S_Marne_66_3.jpg\" alt=\"\" class=\"wp-image-1827\" srcset=\"https:\/\/jeanmicheldesmicht.ovh\/wp-content\/uploads\/2023\/06\/diapos_S_Marne_66_3.jpg 600w, https:\/\/jeanmicheldesmicht.ovh\/wp-content\/uploads\/2023\/06\/diapos_S_Marne_66_3-300x300.jpg 300w, https:\/\/jeanmicheldesmicht.ovh\/wp-content\/uploads\/2023\/06\/diapos_S_Marne_66_3-150x150.jpg 150w\" sizes=\"auto, (max-width: 600px) 100vw, 600px\" \/><figcaption class=\"wp-element-caption\">Thorigny-sur-Marne, rue du Moustier, vue depuis le 11\u00e8me \u00e9tage, 1966<\/figcaption><\/figure>\n\n\n\n<figure class=\"wp-block-image size-full\"><img loading=\"lazy\" decoding=\"async\" width=\"598\" height=\"600\" src=\"https:\/\/jeanmicheldesmicht.ovh\/wp-content\/uploads\/2023\/06\/diapos_S_Marne_66_4.jpg\" alt=\"\" class=\"wp-image-1828\" srcset=\"https:\/\/jeanmicheldesmicht.ovh\/wp-content\/uploads\/2023\/06\/diapos_S_Marne_66_4.jpg 598w, https:\/\/jeanmicheldesmicht.ovh\/wp-content\/uploads\/2023\/06\/diapos_S_Marne_66_4-300x300.jpg 300w, https:\/\/jeanmicheldesmicht.ovh\/wp-content\/uploads\/2023\/06\/diapos_S_Marne_66_4-150x150.jpg 150w\" sizes=\"auto, (max-width: 598px) 100vw, 598px\" \/><figcaption class=\"wp-element-caption\">Thorigny-sur-Marne, rue du Moustier, vue depuis le 11\u00e8me \u00e9tage, 1966<\/figcaption><\/figure>\n\n\n\n<figure class=\"wp-block-image size-full\"><img loading=\"lazy\" decoding=\"async\" width=\"600\" height=\"600\" src=\"https:\/\/jeanmicheldesmicht.ovh\/wp-content\/uploads\/2023\/06\/diapos_S_Marne_66_5.jpg\" alt=\"\" class=\"wp-image-1829\" srcset=\"https:\/\/jeanmicheldesmicht.ovh\/wp-content\/uploads\/2023\/06\/diapos_S_Marne_66_5.jpg 600w, https:\/\/jeanmicheldesmicht.ovh\/wp-content\/uploads\/2023\/06\/diapos_S_Marne_66_5-300x300.jpg 300w, https:\/\/jeanmicheldesmicht.ovh\/wp-content\/uploads\/2023\/06\/diapos_S_Marne_66_5-150x150.jpg 150w\" sizes=\"auto, (max-width: 600px) 100vw, 600px\" \/><figcaption class=\"wp-element-caption\">Thorigny-sur-Marne, rue du Moustier, vue depuis le 11\u00e8me \u00e9tage, 1966<\/figcaption><\/figure>\n\n\n\n<figure class=\"wp-block-image size-full\"><img loading=\"lazy\" decoding=\"async\" width=\"608\" height=\"600\" src=\"https:\/\/jeanmicheldesmicht.ovh\/wp-content\/uploads\/2023\/06\/diapos_S_Marne_66_10.jpg\" alt=\"\" class=\"wp-image-1830\" srcset=\"https:\/\/jeanmicheldesmicht.ovh\/wp-content\/uploads\/2023\/06\/diapos_S_Marne_66_10.jpg 608w, https:\/\/jeanmicheldesmicht.ovh\/wp-content\/uploads\/2023\/06\/diapos_S_Marne_66_10-300x296.jpg 300w\" sizes=\"auto, (max-width: 608px) 100vw, 608px\" \/><figcaption class=\"wp-element-caption\">Thorigny-sur-Marne, rue du Moustier, vue depuis le 11\u00e8me \u00e9tage, 1966<\/figcaption><\/figure>\n\n\n\n<figure class=\"wp-block-image size-full\"><img loading=\"lazy\" decoding=\"async\" width=\"600\" height=\"600\" src=\"https:\/\/jeanmicheldesmicht.ovh\/wp-content\/uploads\/2023\/06\/diapos_S_Marne_66_11.jpg\" alt=\"\" class=\"wp-image-1831\" srcset=\"https:\/\/jeanmicheldesmicht.ovh\/wp-content\/uploads\/2023\/06\/diapos_S_Marne_66_11.jpg 600w, https:\/\/jeanmicheldesmicht.ovh\/wp-content\/uploads\/2023\/06\/diapos_S_Marne_66_11-300x300.jpg 300w, https:\/\/jeanmicheldesmicht.ovh\/wp-content\/uploads\/2023\/06\/diapos_S_Marne_66_11-150x150.jpg 150w\" sizes=\"auto, (max-width: 600px) 100vw, 600px\" \/><figcaption class=\"wp-element-caption\">Thorigny-sur-Marne, rue du Moustier, vue depuis le 11\u00e8me \u00e9tage, 1966<\/figcaption><\/figure>\n\n\n\n<figure class=\"wp-block-image size-full\"><img loading=\"lazy\" decoding=\"async\" width=\"800\" height=\"512\" src=\"https:\/\/jeanmicheldesmicht.ovh\/wp-content\/uploads\/2023\/06\/diapos_S_Marne_68_6.jpg\" alt=\"\" class=\"wp-image-1832\" srcset=\"https:\/\/jeanmicheldesmicht.ovh\/wp-content\/uploads\/2023\/06\/diapos_S_Marne_68_6.jpg 800w, https:\/\/jeanmicheldesmicht.ovh\/wp-content\/uploads\/2023\/06\/diapos_S_Marne_68_6-300x192.jpg 300w, https:\/\/jeanmicheldesmicht.ovh\/wp-content\/uploads\/2023\/06\/diapos_S_Marne_68_6-768x492.jpg 768w\" sizes=\"auto, (max-width: 800px) 100vw, 800px\" \/><figcaption class=\"wp-element-caption\">Thorigny-sur-Marne, rue du Moustier, vue depuis le 11\u00e8me \u00e9tage, 1968<\/figcaption><\/figure>\n\n\n\n<figure class=\"wp-block-image size-full\"><img loading=\"lazy\" decoding=\"async\" width=\"800\" height=\"512\" src=\"https:\/\/jeanmicheldesmicht.ovh\/wp-content\/uploads\/2023\/06\/diapos_S_Marne_68_7.jpg\" alt=\"\" class=\"wp-image-1833\" srcset=\"https:\/\/jeanmicheldesmicht.ovh\/wp-content\/uploads\/2023\/06\/diapos_S_Marne_68_7.jpg 800w, https:\/\/jeanmicheldesmicht.ovh\/wp-content\/uploads\/2023\/06\/diapos_S_Marne_68_7-300x192.jpg 300w, https:\/\/jeanmicheldesmicht.ovh\/wp-content\/uploads\/2023\/06\/diapos_S_Marne_68_7-768x492.jpg 768w\" sizes=\"auto, (max-width: 800px) 100vw, 800px\" \/><figcaption class=\"wp-element-caption\">Thorigny-sur-Marne, rue du Moustier, vue depuis le 11\u00e8me \u00e9tage, 1968<\/figcaption><\/figure>\n","protected":false},"excerpt":{"rendered":"","protected":false},"author":1,"featured_media":0,"parent":1781,"menu_order":0,"comment_status":"closed","ping_status":"closed","template":"","meta":{"footnotes":""},"class_list":["post-1855","page","type-page","status-publish","hentry"],"yoast_head":"<!-- This site is optimized with the Yoast SEO plugin v20.7 - https:\/\/yoast.com\/wordpress\/plugins\/seo\/ -->\n<title>Photos anciennes, Lagny-sur-Marne, Thorigny-sur-Marne - Le site de Jean-Michel Desmicht<\/title>\n<meta name=\"robots\" content=\"index, follow, max-snippet:-1, max-image-preview:large, max-video-preview:-1\" \/>\n<link rel=\"canonical\" href=\"https:\/\/jeanmicheldesmicht.ovh\/index.php\/photos-anciennes\/photos-anciennes-lagny-sur-marne-thorigny-sur-marne\/\" \/>\n<meta property=\"og:locale\" content=\"fr_FR\" \/>\n<meta property=\"og:type\" content=\"article\" \/>\n<meta property=\"og:title\" content=\"Photos anciennes, Lagny-sur-Marne, Thorigny-sur-Marne - Le site de Jean-Michel Desmicht\" \/>\n<meta property=\"og:url\" content=\"https:\/\/jeanmicheldesmicht.ovh\/index.php\/photos-anciennes\/photos-anciennes-lagny-sur-marne-thorigny-sur-marne\/\" \/>\n<meta property=\"og:site_name\" content=\"Le site de Jean-Michel Desmicht\" \/>\n<meta property=\"article:modified_time\" content=\"2023-06-21T06:17:11+00:00\" \/>\n<meta property=\"og:image\" content=\"https:\/\/jeanmicheldesmicht.ovh\/wp-content\/uploads\/2023\/06\/diapos_S_Marne_60_1.jpg\" \/>\n<meta name=\"twitter:card\" content=\"summary_large_image\" \/>\n<meta name=\"twitter:label1\" content=\"Dur\u00e9e de lecture estim\u00e9e\" \/>\n\t<meta name=\"twitter:data1\" content=\"3 minutes\" \/>\n<script type=\"application\/ld+json\" class=\"yoast-schema-graph\">{\"@context\":\"https:\/\/schema.org\",\"@graph\":[{\"@type\":\"WebPage\",\"@id\":\"https:\/\/jeanmicheldesmicht.ovh\/index.php\/photos-anciennes\/photos-anciennes-lagny-sur-marne-thorigny-sur-marne\/\",\"url\":\"https:\/\/jeanmicheldesmicht.ovh\/index.php\/photos-anciennes\/photos-anciennes-lagny-sur-marne-thorigny-sur-marne\/\",\"name\":\"Photos anciennes, Lagny-sur-Marne, Thorigny-sur-Marne - Le site de Jean-Michel Desmicht\",\"isPartOf\":{\"@id\":\"https:\/\/jeanmicheldesmicht.ovh\/#website\"},\"datePublished\":\"2023-06-21T06:17:10+00:00\",\"dateModified\":\"2023-06-21T06:17:11+00:00\",\"breadcrumb\":{\"@id\":\"https:\/\/jeanmicheldesmicht.ovh\/index.php\/photos-anciennes\/photos-anciennes-lagny-sur-marne-thorigny-sur-marne\/#breadcrumb\"},\"inLanguage\":\"fr-FR\",\"potentialAction\":[{\"@type\":\"ReadAction\",\"target\":[\"https:\/\/jeanmicheldesmicht.ovh\/index.php\/photos-anciennes\/photos-anciennes-lagny-sur-marne-thorigny-sur-marne\/\"]}]},{\"@type\":\"BreadcrumbList\",\"@id\":\"https:\/\/jeanmicheldesmicht.ovh\/index.php\/photos-anciennes\/photos-anciennes-lagny-sur-marne-thorigny-sur-marne\/#breadcrumb\",\"itemListElement\":[{\"@type\":\"ListItem\",\"position\":1,\"name\":\"Accueil\",\"item\":\"https:\/\/jeanmicheldesmicht.ovh\/\"},{\"@type\":\"ListItem\",\"position\":2,\"name\":\"Photos anciennes\",\"item\":\"https:\/\/jeanmicheldesmicht.ovh\/index.php\/photos-anciennes\/\"},{\"@type\":\"ListItem\",\"position\":3,\"name\":\"Photos anciennes, Lagny-sur-Marne, Thorigny-sur-Marne\"}]},{\"@type\":\"WebSite\",\"@id\":\"https:\/\/jeanmicheldesmicht.ovh\/#website\",\"url\":\"https:\/\/jeanmicheldesmicht.ovh\/\",\"name\":\"Le site de Jean-Michel Desmicht\",\"description\":\"Un site utilisant WordPress\",\"potentialAction\":[{\"@type\":\"SearchAction\",\"target\":{\"@type\":\"EntryPoint\",\"urlTemplate\":\"https:\/\/jeanmicheldesmicht.ovh\/?s={search_term_string}\"},\"query-input\":\"required name=search_term_string\"}],\"inLanguage\":\"fr-FR\"}]}<\/script>\n<!-- \/ Yoast SEO plugin. -->","yoast_head_json":{"title":"Photos anciennes, Lagny-sur-Marne, Thorigny-sur-Marne - Le site de Jean-Michel Desmicht","robots":{"index":"index","follow":"follow","max-snippet":"max-snippet:-1","max-image-preview":"max-image-preview:large","max-video-preview":"max-video-preview:-1"},"canonical":"https:\/\/jeanmicheldesmicht.ovh\/index.php\/photos-anciennes\/photos-anciennes-lagny-sur-marne-thorigny-sur-marne\/","og_locale":"fr_FR","og_type":"article","og_title":"Photos anciennes, Lagny-sur-Marne, Thorigny-sur-Marne - Le site de Jean-Michel Desmicht","og_url":"https:\/\/jeanmicheldesmicht.ovh\/index.php\/photos-anciennes\/photos-anciennes-lagny-sur-marne-thorigny-sur-marne\/","og_site_name":"Le site de Jean-Michel Desmicht","article_modified_time":"2023-06-21T06:17:11+00:00","og_image":[{"url":"https:\/\/jeanmicheldesmicht.ovh\/wp-content\/uploads\/2023\/06\/diapos_S_Marne_60_1.jpg"}],"twitter_card":"summary_large_image","twitter_misc":{"Dur\u00e9e de lecture estim\u00e9e":"3 minutes"},"schema":{"@context":"https:\/\/schema.org","@graph":[{"@type":"WebPage","@id":"https:\/\/jeanmicheldesmicht.ovh\/index.php\/photos-anciennes\/photos-anciennes-lagny-sur-marne-thorigny-sur-marne\/","url":"https:\/\/jeanmicheldesmicht.ovh\/index.php\/photos-anciennes\/photos-anciennes-lagny-sur-marne-thorigny-sur-marne\/","name":"Photos anciennes, Lagny-sur-Marne, Thorigny-sur-Marne - Le site de Jean-Michel Desmicht","isPartOf":{"@id":"https:\/\/jeanmicheldesmicht.ovh\/#website"},"datePublished":"2023-06-21T06:17:10+00:00","dateModified":"2023-06-21T06:17:11+00:00","breadcrumb":{"@id":"https:\/\/jeanmicheldesmicht.ovh\/index.php\/photos-anciennes\/photos-anciennes-lagny-sur-marne-thorigny-sur-marne\/#breadcrumb"},"inLanguage":"fr-FR","potentialAction":[{"@type":"ReadAction","target":["https:\/\/jeanmicheldesmicht.ovh\/index.php\/photos-anciennes\/photos-anciennes-lagny-sur-marne-thorigny-sur-marne\/"]}]},{"@type":"BreadcrumbList","@id":"https:\/\/jeanmicheldesmicht.ovh\/index.php\/photos-anciennes\/photos-anciennes-lagny-sur-marne-thorigny-sur-marne\/#breadcrumb","itemListElement":[{"@type":"ListItem","position":1,"name":"Accueil","item":"https:\/\/jeanmicheldesmicht.ovh\/"},{"@type":"ListItem","position":2,"name":"Photos anciennes","item":"https:\/\/jeanmicheldesmicht.ovh\/index.php\/photos-anciennes\/"},{"@type":"ListItem","position":3,"name":"Photos anciennes, Lagny-sur-Marne, Thorigny-sur-Marne"}]},{"@type":"WebSite","@id":"https:\/\/jeanmicheldesmicht.ovh\/#website","url":"https:\/\/jeanmicheldesmicht.ovh\/","name":"Le site de Jean-Michel Desmicht","description":"Un site utilisant WordPress","potentialAction":[{"@type":"SearchAction","target":{"@type":"EntryPoint","urlTemplate":"https:\/\/jeanmicheldesmicht.ovh\/?s={search_term_string}"},"query-input":"required name=search_term_string"}],"inLanguage":"fr-FR"}]}},"_links":{"self":[{"href":"https:\/\/jeanmicheldesmicht.ovh\/index.php\/wp-json\/wp\/v2\/pages\/1855","targetHints":{"allow":["GET"]}}],"collection":[{"href":"https:\/\/jeanmicheldesmicht.ovh\/index.php\/wp-json\/wp\/v2\/pages"}],"about":[{"href":"https:\/\/jeanmicheldesmicht.ovh\/index.php\/wp-json\/wp\/v2\/types\/page"}],"author":[{"embeddable":true,"href":"https:\/\/jeanmicheldesmicht.ovh\/index.php\/wp-json\/wp\/v2\/users\/1"}],"replies":[{"embeddable":true,"href":"https:\/\/jeanmicheldesmicht.ovh\/index.php\/wp-json\/wp\/v2\/comments?post=1855"}],"version-history":[{"count":1,"href":"https:\/\/jeanmicheldesmicht.ovh\/index.php\/wp-json\/wp\/v2\/pages\/1855\/revisions"}],"predecessor-version":[{"id":1856,"href":"https:\/\/jeanmicheldesmicht.ovh\/index.php\/wp-json\/wp\/v2\/pages\/1855\/revisions\/1856"}],"up":[{"embeddable":true,"href":"https:\/\/jeanmicheldesmicht.ovh\/index.php\/wp-json\/wp\/v2\/pages\/1781"}],"wp:attachment":[{"href":"https:\/\/jeanmicheldesmicht.ovh\/index.php\/wp-json\/wp\/v2\/media?parent=1855"}],"curies":[{"name":"wp","href":"https:\/\/api.w.org\/{rel}","templated":true}]}}