{"id":509,"date":"2023-05-19T15:24:27","date_gmt":"2023-05-19T13:24:27","guid":{"rendered":"http:\/\/jeanmicheldesmicht.ovh\/?page_id=509"},"modified":"2023-05-21T15:33:12","modified_gmt":"2023-05-21T13:33:12","slug":"les-jolies-colonies-de-vacances-sncf","status":"publish","type":"page","link":"https:\/\/jeanmicheldesmicht.ovh\/index.php\/les-jolies-colonies-de-vacances-sncf\/","title":{"rendered":"Les jolies colonies de vacances SNCF"},"content":{"rendered":"<form role=\"search\" method=\"get\" action=\"https:\/\/jeanmicheldesmicht.ovh\/\" class=\"wp-block-search__button-outside wp-block-search__text-button wp-block-search\"    ><label class=\"wp-block-search__label\" for=\"wp-block-search__input-1\" >Rechercher<\/label><div class=\"wp-block-search__inside-wrapper\" ><input class=\"wp-block-search__input\" id=\"wp-block-search__input-1\" placeholder=\"\" value=\"\" type=\"search\" name=\"s\" required \/><button aria-label=\"Rechercher\" class=\"wp-block-search__button wp-element-button\" type=\"submit\" >Rechercher<\/button><\/div><\/form>\n\n\n<p>Les articles sont extraits de&nbsp;<em>La Vie du Rail<\/em>.<\/p>\n\n\n\n<p>Vous pouvez laisser un commentaire en fin de page.<\/p>\n\n\n\n<p>Adresse mail : contact@jeanmicheldesmicht.ovh<\/p>\n\n\n\n<figure class=\"wp-block-table\"><table><tbody><tr><td>29 septembre 1952<\/td><td>La colonie de vacances de Belle-Ile<\/td><\/tr><tr><td>12 janvier 1953<\/td><td>&#8220;Les Bouillouses&#8221; sur la ligne de Cerdagne<\/td><\/tr><tr><td>6 septembre 1953<\/td><td>La vall\u00e9e de Chamonix<\/td><\/tr><tr><td>17 janvier 1954<\/td><td>Au camp d&#8217;\u00e9t\u00e9 du L\u00e9man<\/td><\/tr><tr><td>11 avril 1954<\/td><td>Bazincourt pr\u00e8s de Chapet en Seine-et-Oise<\/td><\/tr><tr><td>17 octobre 1954<\/td><td>&#8220;La Simonette&#8221; \u00e0 Forcalquier<\/td><\/tr><tr><td>7 novembre 1954<\/td><td>&#8220;Les Lucioles&#8221; \u00e0 Saint-Dalmas<\/td><\/tr><tr><td>28 novembre 1954<\/td><td>La Maison du Souvenir de St-Rapha\u00ebl-Valescure<\/td><\/tr><tr><td>26 d\u00e9cembre 1954<\/td><td>Colonie de vacances au Centre de Montdidier<\/td><\/tr><tr><td>27 f\u00e9vrier 1955<\/td><td>Huez<\/td><\/tr><tr><td>17 avril 1955<\/td><td>La colonie de St-Maurice<\/td><\/tr><tr><td>19 juin 1955<\/td><td>Images de la colonie de vacances de Soulac-sur-Mer<\/td><\/tr><tr><td>6 novembre 1955<\/td><td>Le centre de plein air de Tergnier<\/td><\/tr><tr><td>15 avril 1956<\/td><td>La Clappe (pr\u00e8s de Digne-les-Bains)<\/td><\/tr><tr><td>22 avril 1956<\/td><td>La colonie de vacances de Cordes (Tarn)<\/td><\/tr><tr><td>29 avril 1956<\/td><td>Thonon-les-Bains<\/td><\/tr><tr><td>20 mai 1956<\/td><td>Bois-Sal\u00e8ve<\/td><\/tr><tr><td>10 juin 1956<\/td><td>L&#8217;\u00e9tablissement de vacances de Samo\u00ebns<\/td><\/tr><tr><td>24 juin 1956<\/td><td>Aux &#8220;Roseaux du Lac&#8221; \u00e0 Duingt<\/td><\/tr><tr><td>26 ao\u00fbt 1956<\/td><td>M\u00e9ribel-les-Allues<\/td><\/tr><tr><td>16 septembre 1956<\/td><td>La colonie de &#8220;Bellevue&#8221; \u00e0 Bride-les-Bains<\/td><\/tr><tr><td>30 septembre 1956<\/td><td>Saint-Gilles-sur-Vie<\/td><\/tr><tr><td>7 octobre 1956<\/td><td>Sous la tente en for\u00eat vend\u00e9enne<\/td><\/tr><tr><td>21 octobre 1956<\/td><td>Saint-Ch\u00e9ly-d&#8217;Apcher<\/td><\/tr><tr><td>25 novembre 1956<\/td><td>Malicorne (Sarthe)<\/td><\/tr><tr><td>30 d\u00e9cembre 1956<\/td><td>Aux &#8220;Sauvas&#8221; (Hautes-Alpes)<\/td><\/tr><tr><td>6 janvier 1957<\/td><td>Vals, pr\u00e8s Le Puy<\/td><\/tr><tr><td>13 janvier 1957<\/td><td>&#8220;La lavande&#8221; \u00e0 Saint-Julien-en-Beauch\u00eane<\/td><\/tr><tr><td>3 f\u00e9vrier 1957<\/td><td>Les colonies de vacances de la vall\u00e9e de la Roya<\/td><\/tr><tr><td>10 f\u00e9vrier 1957<\/td><td>Colonie de vacances de Rocabella (Var)<\/td><\/tr><tr><td>3 mars 1957<\/td><td>M\u00e9ribel-les-Allues<\/td><\/tr><tr><td>17 mars 1957<\/td><td>Limoux<\/td><\/tr><tr><td>31 mars 1957<\/td><td>Quiberon<\/td><\/tr><tr><td>28 avril 1957<\/td><td>Rib\u00e9rac<\/td><\/tr><tr><td>5 mai 1957<\/td><td>Rue du Chevaleret<\/td><\/tr><tr><td>13 octobre 1957<\/td><td>&#8220;Les cigales&#8221; \u00e0 Saint-Privat (Ard\u00e8che)<\/td><\/tr><tr><td>27 octobre 1957<\/td><td>Camp itin\u00e9rant cycliste au pays basque<\/td><\/tr><tr><td>3 novembre 1957<\/td><td>Camp itin\u00e9rant en kayak sur la Loue<\/td><\/tr><tr><td>9 f\u00e9vrier 1958<\/td><td>Saint-Jeoire (Haute-Savoie)<\/td><\/tr><tr><td>2 mars 1958<\/td><td>Au camp des Ch\u00eanes, la presqu&#8217;\u00eele de la Gorguette (Var)<\/td><\/tr><tr><td>9 mars 1958<\/td><td>La colonie d&#8217;Etretat<\/td><\/tr><tr><td>23 mars 1958<\/td><td>&#8220;Les Drug\u00e8res&#8221; \u00e0 Samo\u00ebns<\/td><\/tr><tr><td>22 juin 1958<\/td><td>Bon \u00e9quipement&#8230; Bonnes vacances&#8230;<\/td><\/tr><tr><td>29 juin 1958<\/td><td>La colonie de Vercland \u00e0 Samo\u00ebns<\/td><\/tr><tr><td>27 juillet 1958<\/td><td>Au domaine de Beauvoir<\/td><\/tr><tr><td>3 ao\u00fbt 1958<\/td><td>La colonie d&#8217;Antibes-Fournel<\/td><\/tr><tr><td>17 ao\u00fbt 1958<\/td><td>Corbey<\/td><\/tr><tr><td>14 septembre 1958<\/td><td>Fontan<\/td><\/tr><tr><td>21 septembre 1958<\/td><td>La colonie d&#8217;Antibes &#8220;la Salis&#8221;<\/td><\/tr><tr><td>23 novembre 1958<\/td><td>Vert-Bois \u00e0 Saint-Mandrier, pr\u00e8s de Toulon<\/td><\/tr><tr><td>4 janvier 1959<\/td><td>Au Buet (Haute-Savoie)<\/td><\/tr><tr><td>11 janvier 1959<\/td><td>&#8220;Les Glaciers&#8221; \u00e0 la colonie de Montroc-le-Planet<\/td><\/tr><tr><td>15 f\u00e9vrier 1959<\/td><td>Telgruc<\/td><\/tr><tr><td>22 mars 1959<\/td><td>La Vo\u00fbte-sur-Loire<\/td><\/tr><tr><td>12 avril 1959<\/td><td>Le camp nautique de Mur-de-Bretagne<\/td><\/tr><tr><td>26 avril 1959<\/td><td>Montcy-Saint-Pierre (Ardennes)<\/td><\/tr><tr><td>10 mai 1959<\/td><td>Alvignac (Lot)<\/td><\/tr><tr><td>24 mai 1959<\/td><td>M\u00e9ribel-les-Allues<\/td><\/tr><tr><td>31 mai 1959<\/td><td>La colonie de vacances de Belle-Ile-en-Mer<\/td><\/tr><tr><td>7 juin 1959<\/td><td>Breuil-sur-Couze<\/td><\/tr><tr><td>21 juin 1959<\/td><td>&#8220;Les Aigles&#8221; \u00e0 Chantilly<\/td><\/tr><tr><td>12 juillet 1959<\/td><td>La colonie de Douchy<\/td><\/tr><tr><td>26 juillet 1959<\/td><td>Ha\u00ef\u00e7abia sur la c\u00f4te basque<\/td><\/tr><tr><td>2 ao\u00fbt 1959<\/td><td>&#8220;La Vigie&#8221; \u00e0 Chaon, au bord du lac de Saint-Point<\/td><\/tr><tr><td>13 septembre 1959<\/td><td>Bois-Sal\u00e8ve<\/td><\/tr><tr><td>20 septembre 1959<\/td><td>Soixante enfants fran\u00e7ais ont fait la connaissance de l&#8217;Italie<\/td><\/tr><tr><td>11 octobre 1959<\/td><td>Echanges fanco-allemands d&#8217;enfants de cheminots<\/td><\/tr><tr><td>25 octobre 1959<\/td><td>Lesconil en Bretagne<\/td><\/tr><tr><td>1er novembre 1959<\/td><td>Moussey (Vosges)<\/td><\/tr><tr><td>29 novembre 1959<\/td><td>C\u00e9reste (Basses-Alpes)<\/td><\/tr><tr><td>10 janvier 1960<\/td><td>Le camp nautique de Lanv\u00e9oc<\/td><\/tr><tr><td>7 f\u00e9vrier 1960<\/td><td>La colo du ch\u00e2teau d&#8217;Arcy<\/td><\/tr><tr><td>6 mars 1960<\/td><td>S\u00e9jours de vacances actives des agents mineurs de la r\u00e9gion du Sud-Ouest<\/td><\/tr><tr><td>13 mars 1960<\/td><td>Saint-Jean-du-Doigt<\/td><\/tr><tr><td>27 mars 1960<\/td><td>Biscarosse<\/td><\/tr><tr><td>17 avril 1960<\/td><td>&#8220;La Clairi\u00e8re&#8221; \u00e0 Aumont (Oise)<\/td><\/tr><tr><td>24 avril 1960<\/td><td>&#8220;Blanche-Vall\u00e9e&#8221; pr\u00e8s d&#8217;Argenti\u00e8res<\/td><\/tr><tr><td>1er mai 1960<\/td><td>Les Bossons<\/td><\/tr><tr><td>15 mai 1960<\/td><td>Au ch\u00e2teau de Beaurevoir, pr\u00e8s de Grenoble<\/td><\/tr><tr><td>22 mai 1960<\/td><td>Images de nos colonies de vacances : Rib\u00e9rac<\/td><\/tr><tr><td>29 mai 1960<\/td><td>Br\u00e9c\u00e9an, le Pouliguen<\/td><\/tr><tr><td>5 juin 1960<\/td><td>Avec les petits colons de Crouy-sur-Ourcq<\/td><\/tr><tr><td>19 juin 1960<\/td><td>Images de nos colonies de vacances : Beauregard, Enveitg<\/td><\/tr><tr><td>26 juin 1960<\/td><td>La Motte- Vend\u00e9e<\/td><\/tr><tr><td>26 juin 1960<\/td><td>Les colonies de vacances<\/td><\/tr><tr><td>3 juillet 1960<\/td><td>Les colonies de vacances<\/td><\/tr><tr><td>3 juillet 1960<\/td><td>En Vend\u00e9e \u00e0 Saint-Jean-des-Monts<\/td><\/tr><tr><td>10 juillet 1960<\/td><td>La colonie de Gu\u00e9tary<\/td><\/tr><tr><td>17 juillet 1960<\/td><td>Au camp du Buet<\/td><\/tr><tr><td>14 ao\u00fbt 1960<\/td><td>La colonie de vacances de Saint-Jacut-de-la-Mer<\/td><\/tr><tr><td>28 ao\u00fbt 1960<\/td><td>&#8220;Les Arcades&#8221; \u00e0 Cognin en Savoie<\/td><\/tr><tr><td>4 septembre 1960<\/td><td>Au lac d&#8217;Annecy avec les gar\u00e7ons de Duingt<\/td><\/tr><tr><td>18 septembre 1960<\/td><td>Altitude 1300 avec les &#8220;Racas&#8221; du Morzay<\/td><\/tr><tr><td>25 septembre 1960<\/td><td>&#8220;Les dunes&#8221; \u00e0 Saint-Jean-de-Monts<\/td><\/tr><tr><td>2 octobre 1960<\/td><td>Villeneuve-Loubet-Plage<\/td><\/tr><tr><td>6 novembre 1960<\/td><td>Camp itin\u00e9rant en Corse<\/td><\/tr><tr><td>19 f\u00e9vrier 1961<\/td><td>Le camp nautique de la colonie de Montdidier (Somme)<\/td><\/tr><tr><td>28 mai 1961<\/td><td>Samo\u00ebns<\/td><\/tr><tr><td>2 juillet 1961<\/td><td>La colonie de vacances des H\u00f4pitaux-Neufs<\/td><\/tr><tr><td>16 juillet 1961<\/td><td>Le Petit-Bornand (Haute-Savoie)<\/td><\/tr><tr><td>30 juillet 1961<\/td><td>La colonie de vacances &#8220;Montjoie&#8221; au ch\u00e2teau de Vernay dans la Ni\u00e8vre<\/td><\/tr><tr><td>1er octobre 1961<\/td><td>Les apprentis S.N.C.F. Nord au camp de Saint-Maime<\/td><\/tr><tr><td>12 novembre 1961<\/td><td>Rocabella, commune du Pradet (Var)<\/td><\/tr><tr><td>26 novembre 1961<\/td><td>&#8220;La Rebiscoulado&#8221; \u00e0 Tanus (Tarn)<\/td><\/tr><tr><td>21 janvier 1962<\/td><td>Le centre de plein air de Tergnier<\/td><\/tr><tr><td>4 f\u00e9vrier 1962<\/td><td>C\u00e9reste<\/td><\/tr><tr><td>4 mars 1962<\/td><td>Qu\u00e8s (Pyr\u00e9n\u00e9es-Orientales)<\/td><\/tr><tr><td>25 mars 1962<\/td><td>Herment (Puy-de-D\u00f4me)<\/td><\/tr><tr><td>8 avril 1962<\/td><td>Samo\u00ebns<\/td><\/tr><tr><td>13 mai 1962<\/td><td>Les \u00e9tablissements de vacances de la Famille du Cheminot<\/td><\/tr><tr><td>20 mai 1962<\/td><td>La Clappe B\u00e9dejun<\/td><\/tr><tr><td>17 juin 1962<\/td><td>Les beaux jeudis \u00e0 la Bachasse, \u00e0 Oullins<\/td><\/tr><tr><td>14 octobre 1962<\/td><td>Au camp marin de Marseillan-Plage<\/td><\/tr><tr><td>21 octobre 1962<\/td><td>Inauguration de la colonie de vacances de la Famille du Cheminot \u00e0 Lusse<\/td><\/tr><tr><td>28 octobre 1962<\/td><td>Au camp des apprentis \u00e0 Saint-Aygulf<\/td><\/tr><tr><td>4 novembre 1962<\/td><td>La colonie de vacances de Saint-Lunaire<\/td><\/tr><tr><td>11 novembre 1962<\/td><td>Centre de jeunesse du Biollay \u00e0 Chamb\u00e9ry<\/td><\/tr><tr><td>18 novembre 1962<\/td><td>Sanguinet dans les landes de Gascogne<\/td><\/tr><tr><td>20 janver 1963<\/td><td>Avec les colons de Saint-Jean-de-Monts (Vend\u00e9e)<\/td><\/tr><tr><td>10 mars 1963<\/td><td>La colonie de vacances de Cannes &#8211; La-Bocca<\/td><\/tr><tr><td>17 mars 1963<\/td><td>G\u00e9rardmer<\/td><\/tr><tr><td>7 avril 1963<\/td><td>En colonie de vacances au lac de Gen\u00e8ve<\/td><\/tr><tr><td>21 avril 1963<\/td><td>Au camp de vacances A.T.C.-S.N.C.F. des Bossons<\/td><\/tr><tr><td>5 mai 1963<\/td><td>Activit\u00e9s du centre de jeunesse S.N.C.F. de Portes-les-Valence<\/td><\/tr><tr><td>12 mai 1963<\/td><td>Des livres pour les moniteurs et les monitrices de colonies de vacances<\/td><\/tr><tr><td>26 mai 1963<\/td><td>Antibes Fournel<\/td><\/tr><tr><td>16 juin 1963<\/td><td>La Joux<\/td><\/tr><tr><td>23 juin 1963<\/td><td>Bagn\u00e8res-de-Bigorre<\/td><\/tr><tr><td>30 juin 1963<\/td><td>L&#8217;Esquiroulet (Ari\u00e8ge)<\/td><\/tr><tr><td>28 juillet 1963<\/td><td>Antibes-La Salis<\/td><\/tr><tr><td>11 ao\u00fbt 1963<\/td><td>&#8220;Le Gai Manoir&#8221;, colonie de vacances de Bonnevaux (Doubs)<\/td><\/tr><tr><td>25 ao\u00fbt 1963<\/td><td>La colonie S.N.C.F. de Fonsange (Gard)<\/td><\/tr><tr><td>3 novembre 1963<\/td><td>Les enfants de la colonie S.N.C.F. des H\u00f4pitaux-Neufs en visite au tunnel du Mont-d&#8217;Or<\/td><\/tr><tr><td>3 novembre 1963<\/td><td>Les belles vacances des enfants de cheminots d&#8217;Avignon<\/td><\/tr><tr><td>5 janvier 1964<\/td><td>Le centre de jeunesse de Villeneuve-Saint-Georges<\/td><\/tr><tr><td>5 janvier 1964<\/td><td>Images de nos colonies de vacances : Velles<\/td><\/tr><tr><td>12 janvier 1964<\/td><td>Avec nos petits colons de Cannes La Bocca<\/td><\/tr><tr><td>2 f\u00e9vrier 1964<\/td><td>Dinan<\/td><\/tr><tr><td>19 avril 1964<\/td><td>Le camp de vacances A.T.C. d&#8217;Enveitg<\/td><\/tr><tr><td>17 mai 1964<\/td><td>Saint-Aupre<\/td><\/tr><tr><td>31 mai 1964<\/td><td>Le camp A.T.C.-jeunesse de Belle-Ile-en-Mer<\/td><\/tr><tr><td>7 juin 1964<\/td><td>&#8220;La Cord\u00e9e&#8221;, colonie de vacances des Bossons<\/td><\/tr><tr><td>28 juin 1964<\/td><td>Colonie de vacances &#8220;Haispourou&#8221; \u00e0 Gu\u00e9thary<\/td><\/tr><tr><td>5 juillet 1964<\/td><td>Mur-de-Bretagne<\/td><\/tr><tr><td>12 juillet 1964<\/td><td>La colonie de Tr\u00e9boul<\/td><\/tr><tr><td>19 juillet 1964<\/td><td>&#8220;Le camp des Ch\u00eanes&#8221; \u00e0 la Gorguette (Var)<\/td><\/tr><tr><td>26 juillet 1964<\/td><td>&#8220;L&#8217;Oasis&#8221; de Sciez<\/td><\/tr><tr><td>13 septembre 1964<\/td><td>La colonie de vacances de Vincelles<\/td><\/tr><tr><td>11 octobre 1964<\/td><td>Au centre de plein air de Culoz<\/td><\/tr><tr><td>11 octobre 1964<\/td><td>Activit\u00e9s du centre a\u00e9r\u00e9 de Roanne<\/td><\/tr><tr><td>1er novembre 1964<\/td><td>F\u00eate de fin d&#8217;\u00e9t\u00e9 au centre de jeunesse de Saint-Germain-des-Foss\u00e9s<\/td><\/tr><tr><td>1er novembre 1964<\/td><td>Joyeux d\u00e9parts<\/td><\/tr><tr><td>29 novembre 1964<\/td><td>&#8220;Les Sapins de Retournemer&#8221; \u00e0 Xonrupt-Longemer<\/td><\/tr><tr><td>3 janvier 1965<\/td><td>Centres de jeunesse du 7e Arrondissement<\/td><\/tr><tr><td>10 janvier 1965<\/td><td>Bois-Sal\u00e8ve<\/td><\/tr><tr><td>17 janvier 1965<\/td><td>La colonie de vacances de Dieppe<\/td><\/tr><tr><td>14 f\u00e9vrier 1965<\/td><td>&#8220;Les Badioux&#8221; pr\u00e8s de Laussonne (Haute-Loire)<\/td><\/tr><tr><td>4 avril 1965<\/td><td>Le camp de Montpezat de &#8220;la Famille du Cheminot&#8221;<\/td><\/tr><tr><td>18 avril 1965<\/td><td>Camp A.T.C. de Rocabella<\/td><\/tr><tr><td>23 mai 1965<\/td><td>&#8220;Les Cigales&#8221; \u00e0 Fontan<\/td><\/tr><tr><td>30 mai 1965<\/td><td>La colonie de vacances du Monastier-sur-Gazeille<\/td><\/tr><tr><td>6 juin 1965<\/td><td>Camp cyclotouriste A.T.C. en Italie du Nord<\/td><\/tr><tr><td>20 juin 1965<\/td><td>Images de nos colonies de vacances : Rib\u00e9rac<\/td><\/tr><tr><td>4 juillet 1965<\/td><td>Saint-Georges d&#8217;Aurac<\/td><\/tr><tr><td>11 juillet 1965<\/td><td>Tal-ar-Groas<\/td><\/tr><tr><td>18 juillet 1965<\/td><td>Valescure<\/td><\/tr><tr><td>25 juillet 1965<\/td><td>Landerneau<\/td><\/tr><tr><td>12 d\u00e9cembre 1965<\/td><td>Retournac (Haute-Loire)<\/td><\/tr><tr><td>9 janvier 1966<\/td><td>Ile de Noirmoutier<\/td><\/tr><tr><td>23 janvier 1966<\/td><td>Images de nos colonies de vacances : Les Forges d&#8217;Abel<\/td><\/tr><tr><td>20 f\u00e9vrier 1966<\/td><td>La colonie de Fonsanges-les-Bains<\/td><\/tr><tr><td>27 f\u00e9vrier 1966<\/td><td>S\u00e9jours de vacances d&#8217;hiver \u00e0 Montroc-le-Planet<\/td><\/tr><tr><td>13 mars 1966<\/td><td>Les Bossons<\/td><\/tr><tr><td>27 mars 1966<\/td><td>Camping et nautisme \u00e0 la colonie de vacances d&#8217;Oye et Pallet<\/td><\/tr><tr><td>17 avril 1966<\/td><td>Echange de jeunes France-Allemagne, la colonie de vacances de Coat-Pin<\/td><\/tr><tr><td>15 mai 1966<\/td><td>La colonie de vacances de Banassac dans la Loz\u00e8re<\/td><\/tr><tr><td>26 juin 1966<\/td><td>Images de nos colonies de vacances : Mar\u00e8ges<\/td><\/tr><tr><td>3 juillet 1966<\/td><td>Au camp marin d&#8217;Ha\u00ef\u00e7abia<\/td><\/tr><tr><td>4 d\u00e9cembre 1966<\/td><td>La colonie de vacances de la Forge \u00e0 Walbach<\/td><\/tr><tr><td>1er janvier 1967<\/td><td>La colonie de vacances de Plobannalec<\/td><\/tr><tr><td>8 janvier 1967<\/td><td>La colonie de vacances de Chaon (Haut-Doubs)<\/td><\/tr><tr><td>29 janvier 1967<\/td><td>M\u00e9ribel-les-Allues<\/td><\/tr><tr><td>12 mars 1967<\/td><td>Centre de vacances A.T.C. \u00e0 Rocabella<\/td><\/tr><tr><td>16 avril 1967<\/td><td>Le centre de montagne A.T.C. de Saint-Fran\u00e7ois-Longchamp<\/td><\/tr><tr><td>30 avril 1967<\/td><td>La colonie de vacances de Lesconil<\/td><\/tr><tr><td>11 juin 1967<\/td><td>Images de nos colonies de vacances : Le Couret (Haute-Vienne)<\/td><\/tr><tr><td>25 juin 1967<\/td><td>Le camp de vacances de Lesconil<\/td><\/tr><tr><td>9 juillet 1967<\/td><td>La colonie de vacances du Grau-du-Roi<\/td><\/tr><tr><td>23 juillet 1967<\/td><td>Les deux camps de la colonie de Samo\u00ebns<\/td><\/tr><tr><td>27 ao\u00fbt 1967<\/td><td>Les camps de l&#8217;oc\u00e9an \u00e0 Saint-Hilaire-de-Riez<\/td><\/tr><tr><td>12 novembre 1967<\/td><td>Les Songenards aux Bossons<\/td><\/tr><tr><td>10 d\u00e9cembre 1967<\/td><td>La colonie de vacances d&#8217;H\u00e9rimoncourt<\/td><\/tr><tr><td>31 d\u00e9cembre 1967<\/td><td>La colonie de Ploumanach<\/td><\/tr><tr><td>28 avril 1968<\/td><td>La colonie de vacances de Saint-Dalmas-de-Tende<\/td><\/tr><tr><td>7 juillet 1968<\/td><td>Meillerie, base nautique de l&#8217;A.T.C. sur le bord du lac L\u00e9man<\/td><\/tr><tr><td>18 ao\u00fbt 1968<\/td><td>La colonie de vacances de Montroc-le-Planet<\/td><\/tr><tr><td>30 mars 1969<\/td><td>Duingt, une flotille S.N.C.F.<\/td><\/tr><tr><td>22 juin 1969<\/td><td>Le centre de vacances d&#8217;adolescents de Cendras (Gard)<\/td><\/tr><tr><td>4 janvier 1970<\/td><td>Au centre nautique Saint-Adrien de Plougastel<\/td><\/tr><tr><td>7 f\u00e9vrier 1971<\/td><td>Echange de jeunes France-Tch\u00e9coslovaquie<\/td><\/tr><tr><td>21 f\u00e9vrier 1971<\/td><td>Le centre d&#8217;\u00e9quitation d&#8217;Eygurande (Corr\u00e8ze)<\/td><\/tr><tr><td>23 mai 1971<\/td><td>Une randonn\u00e9e cyclotouriste A.T.C. \u00e0 travers les Landes<\/td><\/tr><tr><td>7 novembre 1971<\/td><td>Le rallye jeunesse \u00e0 Ha\u00ef\u00e7abia<\/td><\/tr><tr><td>23 janvier 1972<\/td><td>Echange de jeunes France-Tch\u00e9coslovaquie<\/td><\/tr><tr><td>26 mars 1972<\/td><td>Navigation et randonn\u00e9e au centre A.T.C. de Belle-Ile<\/td><\/tr><tr><td>16 avril 1972<\/td><td>Du c\u00f4t\u00e9 des moniteurs&#8230; une journ\u00e9e dans une colonie de vacances<\/td><\/tr><tr><td>18 juin 1972<\/td><td>Les jeunes at\u00e9cistes d\u00e9couvrent la sp\u00e9l\u00e9ologie<\/td><\/tr><tr><td>5 novembre 1972<\/td><td>Ski \u00e0 gogo pour les jeunes at\u00e9cistes de Saint-Fran\u00e7ois-Longchamp<\/td><\/tr><tr><td>24 d\u00e9cembre 1972<\/td><td>Les adolescents fran\u00e7ais \u00e0 la conqu\u00eate des Tatras<\/td><\/tr><tr><td>4 mars 1973<\/td><td>Le centre U.C.P.A. de Serre-Chevalier<\/td><\/tr><tr><td>29 avril 1973<\/td><td>Cyclotourisme en Corse<\/td><\/tr><tr><td>8 juillet 1973<\/td><td>Rocabella, centre A.T.C. aux multiples aspects<\/td><\/tr><tr><td>30 d\u00e9cembre 1973<\/td><td>Les voyages forment la jeunesse<\/td><\/tr><tr><td>14 juillet 1974<\/td><td>Cyclotourisme en Irlande<\/td><\/tr><tr><td>29 d\u00e9cembre 1974<\/td><td>Ski en Bavi\u00e8re<\/td><\/tr><tr><td>19 janvier 1975<\/td><td>Les \u00e9changes franco-tch\u00e9coslovaques<\/td><\/tr><tr><td>27 juillet 1975<\/td><td>Nature et sp\u00e9l\u00e9ologie dans les Pyr\u00e9n\u00e9es<\/td><\/tr><tr><td>30 novembre 1975<\/td><td>Ski autour des Bossons<\/td><\/tr><tr><td>25 janvier 1976<\/td><td>Les \u00e9changes franco-allemands<\/td><\/tr><tr><td>30 mai 1976<\/td><td>Avec l&#8217;A.T.C. autour du Mont-Blanc<\/td><\/tr><tr><td>28 novembre 1976<\/td><td>Ski en For\u00eat-Noire<\/td><\/tr><tr><td>31 juillet 1977<\/td><td>Les jeunes de l&#8217;A.T.C. \u00e0 Meillerie<\/td><\/tr><tr><td>23 octobre 1977<\/td><td>Par les routes du Massif Central, des adolescents d\u00e9couvrent le cyclotourisme<\/td><\/tr><\/tbody><\/table><\/figure>\n","protected":false},"excerpt":{"rendered":"<p>Les articles sont extraits de&nbsp;La Vie du Rail. Vous pouvez laisser un commentaire en fin de page. Adresse mail : contact@jeanmicheldesmicht.ovh 29 septembre 1952 La colonie de vacances de Belle-Ile 12 janvier 1953 &#8220;Les Bouillouses&#8221; sur la ligne de Cerdagne 6 septembre 1953 La vall\u00e9e de Chamonix 17 janvier 1954 Au camp d&#8217;\u00e9t\u00e9 du L\u00e9man [&hellip;]<\/p>\n","protected":false},"author":1,"featured_media":0,"parent":0,"menu_order":0,"comment_status":"open","ping_status":"closed","template":"","meta":{"footnotes":""},"class_list":["post-509","page","type-page","status-publish","hentry"],"yoast_head":"<!-- This site is optimized with the Yoast SEO plugin v20.7 - https:\/\/yoast.com\/wordpress\/plugins\/seo\/ -->\n<title>Les jolies colonies de vacances SNCF - Le site de Jean-Michel Desmicht<\/title>\n<meta name=\"robots\" content=\"index, follow, max-snippet:-1, max-image-preview:large, max-video-preview:-1\" \/>\n<link rel=\"canonical\" href=\"https:\/\/jeanmicheldesmicht.ovh\/index.php\/les-jolies-colonies-de-vacances-sncf\/\" \/>\n<meta property=\"og:locale\" content=\"fr_FR\" \/>\n<meta property=\"og:type\" content=\"article\" \/>\n<meta property=\"og:title\" content=\"Les jolies colonies de vacances SNCF - Le site de Jean-Michel Desmicht\" \/>\n<meta property=\"og:description\" content=\"Les articles sont extraits de&nbsp;La Vie du Rail. Vous pouvez laisser un commentaire en fin de page. Adresse mail : contact@jeanmicheldesmicht.ovh 29 septembre 1952 La colonie de vacances de Belle-Ile 12 janvier 1953 &#8220;Les Bouillouses&#8221; sur la ligne de Cerdagne 6 septembre 1953 La vall\u00e9e de Chamonix 17 janvier 1954 Au camp d&#8217;\u00e9t\u00e9 du L\u00e9man [&hellip;]\" \/>\n<meta property=\"og:url\" content=\"https:\/\/jeanmicheldesmicht.ovh\/index.php\/les-jolies-colonies-de-vacances-sncf\/\" \/>\n<meta property=\"og:site_name\" content=\"Le site de Jean-Michel Desmicht\" \/>\n<meta property=\"article:modified_time\" content=\"2023-05-21T13:33:12+00:00\" \/>\n<meta name=\"twitter:card\" content=\"summary_large_image\" \/>\n<meta name=\"twitter:label1\" content=\"Dur\u00e9e de lecture estim\u00e9e\" \/>\n\t<meta name=\"twitter:data1\" content=\"8 minutes\" \/>\n<script type=\"application\/ld+json\" class=\"yoast-schema-graph\">{\"@context\":\"https:\/\/schema.org\",\"@graph\":[{\"@type\":\"WebPage\",\"@id\":\"https:\/\/jeanmicheldesmicht.ovh\/index.php\/les-jolies-colonies-de-vacances-sncf\/\",\"url\":\"https:\/\/jeanmicheldesmicht.ovh\/index.php\/les-jolies-colonies-de-vacances-sncf\/\",\"name\":\"Les jolies colonies de vacances SNCF - Le site de Jean-Michel Desmicht\",\"isPartOf\":{\"@id\":\"https:\/\/jeanmicheldesmicht.ovh\/#website\"},\"datePublished\":\"2023-05-19T13:24:27+00:00\",\"dateModified\":\"2023-05-21T13:33:12+00:00\",\"breadcrumb\":{\"@id\":\"https:\/\/jeanmicheldesmicht.ovh\/index.php\/les-jolies-colonies-de-vacances-sncf\/#breadcrumb\"},\"inLanguage\":\"fr-FR\",\"potentialAction\":[{\"@type\":\"ReadAction\",\"target\":[\"https:\/\/jeanmicheldesmicht.ovh\/index.php\/les-jolies-colonies-de-vacances-sncf\/\"]}]},{\"@type\":\"BreadcrumbList\",\"@id\":\"https:\/\/jeanmicheldesmicht.ovh\/index.php\/les-jolies-colonies-de-vacances-sncf\/#breadcrumb\",\"itemListElement\":[{\"@type\":\"ListItem\",\"position\":1,\"name\":\"Accueil\",\"item\":\"https:\/\/jeanmicheldesmicht.ovh\/\"},{\"@type\":\"ListItem\",\"position\":2,\"name\":\"Les jolies colonies de vacances SNCF\"}]},{\"@type\":\"WebSite\",\"@id\":\"https:\/\/jeanmicheldesmicht.ovh\/#website\",\"url\":\"https:\/\/jeanmicheldesmicht.ovh\/\",\"name\":\"Le site de Jean-Michel Desmicht\",\"description\":\"Un site utilisant WordPress\",\"potentialAction\":[{\"@type\":\"SearchAction\",\"target\":{\"@type\":\"EntryPoint\",\"urlTemplate\":\"https:\/\/jeanmicheldesmicht.ovh\/?s={search_term_string}\"},\"query-input\":\"required name=search_term_string\"}],\"inLanguage\":\"fr-FR\"}]}<\/script>\n<!-- \/ Yoast SEO plugin. -->","yoast_head_json":{"title":"Les jolies colonies de vacances SNCF - Le site de Jean-Michel Desmicht","robots":{"index":"index","follow":"follow","max-snippet":"max-snippet:-1","max-image-preview":"max-image-preview:large","max-video-preview":"max-video-preview:-1"},"canonical":"https:\/\/jeanmicheldesmicht.ovh\/index.php\/les-jolies-colonies-de-vacances-sncf\/","og_locale":"fr_FR","og_type":"article","og_title":"Les jolies colonies de vacances SNCF - Le site de Jean-Michel Desmicht","og_description":"Les articles sont extraits de&nbsp;La Vie du Rail. Vous pouvez laisser un commentaire en fin de page. Adresse mail : contact@jeanmicheldesmicht.ovh 29 septembre 1952 La colonie de vacances de Belle-Ile 12 janvier 1953 &#8220;Les Bouillouses&#8221; sur la ligne de Cerdagne 6 septembre 1953 La vall\u00e9e de Chamonix 17 janvier 1954 Au camp d&#8217;\u00e9t\u00e9 du L\u00e9man [&hellip;]","og_url":"https:\/\/jeanmicheldesmicht.ovh\/index.php\/les-jolies-colonies-de-vacances-sncf\/","og_site_name":"Le site de Jean-Michel Desmicht","article_modified_time":"2023-05-21T13:33:12+00:00","twitter_card":"summary_large_image","twitter_misc":{"Dur\u00e9e de lecture estim\u00e9e":"8 minutes"},"schema":{"@context":"https:\/\/schema.org","@graph":[{"@type":"WebPage","@id":"https:\/\/jeanmicheldesmicht.ovh\/index.php\/les-jolies-colonies-de-vacances-sncf\/","url":"https:\/\/jeanmicheldesmicht.ovh\/index.php\/les-jolies-colonies-de-vacances-sncf\/","name":"Les jolies colonies de vacances SNCF - Le site de Jean-Michel Desmicht","isPartOf":{"@id":"https:\/\/jeanmicheldesmicht.ovh\/#website"},"datePublished":"2023-05-19T13:24:27+00:00","dateModified":"2023-05-21T13:33:12+00:00","breadcrumb":{"@id":"https:\/\/jeanmicheldesmicht.ovh\/index.php\/les-jolies-colonies-de-vacances-sncf\/#breadcrumb"},"inLanguage":"fr-FR","potentialAction":[{"@type":"ReadAction","target":["https:\/\/jeanmicheldesmicht.ovh\/index.php\/les-jolies-colonies-de-vacances-sncf\/"]}]},{"@type":"BreadcrumbList","@id":"https:\/\/jeanmicheldesmicht.ovh\/index.php\/les-jolies-colonies-de-vacances-sncf\/#breadcrumb","itemListElement":[{"@type":"ListItem","position":1,"name":"Accueil","item":"https:\/\/jeanmicheldesmicht.ovh\/"},{"@type":"ListItem","position":2,"name":"Les jolies colonies de vacances SNCF"}]},{"@type":"WebSite","@id":"https:\/\/jeanmicheldesmicht.ovh\/#website","url":"https:\/\/jeanmicheldesmicht.ovh\/","name":"Le site de Jean-Michel Desmicht","description":"Un site utilisant WordPress","potentialAction":[{"@type":"SearchAction","target":{"@type":"EntryPoint","urlTemplate":"https:\/\/jeanmicheldesmicht.ovh\/?s={search_term_string}"},"query-input":"required name=search_term_string"}],"inLanguage":"fr-FR"}]}},"_links":{"self":[{"href":"https:\/\/jeanmicheldesmicht.ovh\/index.php\/wp-json\/wp\/v2\/pages\/509","targetHints":{"allow":["GET"]}}],"collection":[{"href":"https:\/\/jeanmicheldesmicht.ovh\/index.php\/wp-json\/wp\/v2\/pages"}],"about":[{"href":"https:\/\/jeanmicheldesmicht.ovh\/index.php\/wp-json\/wp\/v2\/types\/page"}],"author":[{"embeddable":true,"href":"https:\/\/jeanmicheldesmicht.ovh\/index.php\/wp-json\/wp\/v2\/users\/1"}],"replies":[{"embeddable":true,"href":"https:\/\/jeanmicheldesmicht.ovh\/index.php\/wp-json\/wp\/v2\/comments?post=509"}],"version-history":[{"count":15,"href":"https:\/\/jeanmicheldesmicht.ovh\/index.php\/wp-json\/wp\/v2\/pages\/509\/revisions"}],"predecessor-version":[{"id":1000,"href":"https:\/\/jeanmicheldesmicht.ovh\/index.php\/wp-json\/wp\/v2\/pages\/509\/revisions\/1000"}],"wp:attachment":[{"href":"https:\/\/jeanmicheldesmicht.ovh\/index.php\/wp-json\/wp\/v2\/media?parent=509"}],"curies":[{"name":"wp","href":"https:\/\/api.w.org\/{rel}","templated":true}]}}